{"id":11039,"date":"2021-05-19T09:44:11","date_gmt":"2021-05-19T09:44:11","guid":{"rendered":"https:\/\/preview.wolfthemes.live\/swingster\/?page_id=11039"},"modified":"2022-12-01T00:03:53","modified_gmt":"2022-12-01T00:03:53","slug":"digital-releases","status":"publish","type":"page","link":"http:\/\/www.sekizmuzik.com\/index.php\/discography\/digital-releases\/","title":{"rendered":"Yap\u0131mlar"},"content":{"rendered":"\t\t<div data-elementor-type=\"wp-page\" data-elementor-id=\"11039\" class=\"elementor elementor-11039\">\n\t\t\t\t\t\t\t\t\t<section class=\"wolf-core-elementor-row wolf-core-font-  elementor-section elementor-top-section elementor-element elementor-element-3f30ebf elementor-section-boxed elementor-section-height-default elementor-section-height-default\" data-id=\"3f30ebf\" data-element_type=\"section\">\n\t\t\t\t\t\t<div class=\"elementor-container elementor-column-gap-default\">\n\t\t\t\t\t<div class=\"elementor-column elementor-col-100 elementor-top-column elementor-element elementor-element-1b6897d\" data-id=\"1b6897d\" data-element_type=\"column\">\n\t\t\t<div class=\"elementor-widget-wrap elementor-element-populated\">\n\t\t\t\t\t\t\t\t<div class=\"elementor-element elementor-element-0888c25 elementor-widget elementor-widget-release-index\" data-id=\"0888c25\" data-element_type=\"widget\" data-widget_type=\"release-index.default\">\n\t\t\t\t<div class=\"elementor-widget-container\">\n\t\t\t<div id=\"index-79579\" data-post-type=\"release\" data-params=\"{&quot;post_type&quot;:&quot;release&quot;,&quot;posts_per_page&quot;:&quot;9&quot;,&quot;grid_padding&quot;:&quot;yes&quot;,&quot;item_animation&quot;:&quot;fade-up&quot;,&quot;columns&quot;:3,&quot;caption_text_alignment&quot;:&quot;center&quot;,&quot;caption_v_align&quot;:&quot;middle&quot;,&quot;post_display&quot;:&quot;standard&quot;,&quot;post_metro_pattern&quot;:&quot;auto&quot;,&quot;post_module&quot;:&quot;grid&quot;,&quot;post_thumbnail_size&quot;:&quot;standard&quot;,&quot;post_layout&quot;:&quot;standard&quot;,&quot;post_excerpt_type&quot;:&quot;auto&quot;,&quot;post_excerpt_length&quot;:&quot;shorten&quot;,&quot;post_display_elements&quot;:&quot;show_thumbnail,show_date,show_text,show_author,show_category&quot;,&quot;pagination&quot;:&quot;load_more&quot;,&quot;page_display&quot;:&quot;grid&quot;,&quot;work_display&quot;:&quot;masonry&quot;,&quot;work_module&quot;:&quot;grid&quot;,&quot;work_thumbnail_size&quot;:&quot;standard&quot;,&quot;work_layout&quot;:&quot;overlay&quot;,&quot;work_category_filter&quot;:true,&quot;work_category_filter_text_alignment&quot;:&quot;center&quot;,&quot;work_hover_effect&quot;:&quot;default&quot;,&quot;product_display&quot;:&quot;grid&quot;,&quot;product_metro_pattern&quot;:&quot;pattern-1&quot;,&quot;product_module&quot;:&quot;grid&quot;,&quot;release_display&quot;:&quot;grid&quot;,&quot;release_hover_effect&quot;:&quot;default&quot;,&quot;release_module&quot;:&quot;grid&quot;,&quot;release_thumbnail_size&quot;:&quot;square&quot;,&quot;release_layout&quot;:&quot;standard&quot;,&quot;release_meta&quot;:&quot;all&quot;,&quot;label_include&quot;:&quot;digital-download&quot;,&quot;event_display&quot;:&quot;list&quot;,&quot;event_module&quot;:&quot;grid&quot;,&quot;event_thumbnail_size&quot;:&quot;standard&quot;,&quot;event_location&quot;:&quot;location&quot;,&quot;timeline&quot;:&quot;future&quot;,&quot;mp_event_display&quot;:&quot;grid&quot;,&quot;mp_event_module&quot;:&quot;grid&quot;,&quot;video_display&quot;:&quot;grid&quot;,&quot;video_layout&quot;:&quot;overlay&quot;,&quot;video_module&quot;:&quot;grid&quot;,&quot;video_onclick&quot;:&quot;default&quot;,&quot;video_category_filter&quot;:&quot;1&quot;,&quot;video_category_filter_text_alignment&quot;:&quot;center&quot;,&quot;artist_display&quot;:&quot;list&quot;,&quot;artist_metro_pattern&quot;:&quot;auto&quot;,&quot;artist_hover_effect&quot;:&quot;default&quot;,&quot;artist_module&quot;:&quot;grid&quot;,&quot;artist_category_filter_text_alignment&quot;:&quot;center&quot;,&quot;artist_thumbnail_size&quot;:&quot;standard&quot;,&quot;gallery_display&quot;:&quot;grid&quot;,&quot;gallery_module&quot;:&quot;grid&quot;,&quot;gallery_thumbnail_size&quot;:&quot;standard&quot;,&quot;gallery_custom_thumbnail_size&quot;:&quot;standard&quot;,&quot;gallery_layout&quot;:&quot;standard&quot;,&quot;gallery_category_filter&quot;:true,&quot;gallery_category_filter_text_alignment&quot;:&quot;center&quot;,&quot;gallery_hover_effect&quot;:&quot;default&quot;,&quot;attachment_display&quot;:&quot;masonry_horizontal&quot;,&quot;attachment_thumbnail_size&quot;:&quot;standard&quot;,&quot;attachment_custom_thumbnail_size&quot;:&quot;standard&quot;,&quot;el_id&quot;:&quot;index-79579&quot;,&quot;_margin&quot;:{&quot;unit&quot;:&quot;px&quot;,&quot;top&quot;:&quot;&quot;,&quot;right&quot;:&quot;&quot;,&quot;bottom&quot;:&quot;&quot;,&quot;left&quot;:&quot;&quot;,&quot;isLinked&quot;:true},&quot;_padding&quot;:{&quot;unit&quot;:&quot;px&quot;,&quot;top&quot;:&quot;&quot;,&quot;right&quot;:&quot;&quot;,&quot;bottom&quot;:&quot;&quot;,&quot;left&quot;:&quot;&quot;,&quot;isLinked&quot;:true},&quot;_transform_keep_proportions&quot;:&quot;yes&quot;,&quot;_transform_keep_proportions_hover&quot;:&quot;yes&quot;,&quot;_transform_transition_hover&quot;:{&quot;unit&quot;:&quot;px&quot;,&quot;size&quot;:&quot;&quot;,&quot;sizes&quot;:[]},&quot;_background_hover_transition&quot;:{&quot;unit&quot;:&quot;px&quot;,&quot;size&quot;:&quot;&quot;,&quot;sizes&quot;:[]},&quot;_border_radius&quot;:{&quot;unit&quot;:&quot;px&quot;,&quot;top&quot;:&quot;&quot;,&quot;right&quot;:&quot;&quot;,&quot;bottom&quot;:&quot;&quot;,&quot;left&quot;:&quot;&quot;,&quot;isLinked&quot;:true},&quot;_border_radius_hover&quot;:{&quot;unit&quot;:&quot;px&quot;,&quot;top&quot;:&quot;&quot;,&quot;right&quot;:&quot;&quot;,&quot;bottom&quot;:&quot;&quot;,&quot;left&quot;:&quot;&quot;,&quot;isLinked&quot;:true},&quot;_border_hover_transition&quot;:{&quot;unit&quot;:&quot;px&quot;,&quot;size&quot;:&quot;&quot;,&quot;sizes&quot;:[]}}\" class=\"clearfix items wvc-element wolf-core-element entry-grid-loading release-items releases caption-text-align-center caption-valign-middle grid-padding-yes display-grid release-display-grid module-grid release-module-grid items-thumbnail-size-square layout-standard release-layout-standard pagination-load_more grid hover-effect-default release-hover-effect-default\">\n<article id=\"post-9103\" class=\"post-9103 release type-release status-publish has-post-thumbnail hentry band-alp label-digital-download label-dijital release_genre-alternatif release_genre-pop entry clearfix entry-grid entry-columns-3 entry-release-module-layout-standard thumbnail-color-tone-light has-audio-player is-single-audio entry-release entry-release-grid overlay-tone-dark\" data-post-id=\"9103\" itemscope itemtype=\"https:\/\/schema.org\/MusicAlbum\" data-aos=\"fade-up\" data-aos-once=\"true\" >\n\t<div class=\"entry-box\">\n\t\t<div class=\"entry-container\">\n\t\t\t<a class=\"entry-link-mask\" href=\"http:\/\/www.sekizmuzik.com\/index.php\/release\/alp\/\"><\/a>\n\n\t\t\t\n\t\t\t\t<div class=\"entry-image\" style=\"background-color:#C4C3C4;\">\n\n\t\t\t\t<img decoding=\"async\" class=\" resized-thumbnail \" src=\"https:\/\/i0.wp.com\/www.sekizmuzik.com\/wp-content\/uploads\/2022\/10\/ALP_ILK_AN_COVER_1000SMALL-440x440.jpg\" width=\"440\" height=\"440\" alt=\"Alp - \u0130lk An (Single)\" title=\"ALP_ILK_AN_COVER_1000SMALL\" \/>\n\t\t\t<\/div>\n\t\t\t<div class=\"entry-inner\">\n\t\t\t\t<div style=\"opacity:0.4;\" class=\"bg-overlay background-color-\"><\/div><!--.bg-overlay-->\t\t\t\t<div style=\"\" class=\"entry-summary\">\n\t\t\t\t\t<h3 class=\"entry-title\"><a href=\"http:\/\/www.sekizmuzik.com\/index.php\/release\/alp\/\" style=\"\">\u0130lk An<\/a><\/h3>\n\t\t\t\t\t<div style=\"\" class=\"entry-taxonomy\">\n\t\t\t\t\t\t<a href=\"http:\/\/www.sekizmuzik.com\/index.php\/artist-releases\/alp\/\" rel=\"tag\">Alp<\/a>\t\t\t\t\t<\/div><!-- .entry-taxonomy -->\n\t\t\t\t\t\t\t\t\t<\/div><!--  .entry-summary  -->\n\t\t\t<\/div><!--  .entry-summary-container  -->\n\t\t<\/div>\n\t<\/div><!-- .entry-box -->\n\n\t<\/article><!-- #post-## -->\n<article id=\"post-9667\" class=\"post-9667 release type-release status-publish has-post-thumbnail hentry band-biraderler label-cd label-digital-download label-vinyl release_genre-alternatif-rock release_genre-pop-rock release_genre-rock entry clearfix entry-grid entry-columns-3 entry-release-module-layout-standard thumbnail-color-tone-light has-audio-player entry-release entry-release-grid overlay-tone-dark\" data-post-id=\"9667\" itemscope itemtype=\"https:\/\/schema.org\/MusicAlbum\" data-aos=\"fade-up\" data-aos-once=\"true\" >\n\t<div class=\"entry-box\">\n\t\t<div class=\"entry-container\">\n\t\t\t<a class=\"entry-link-mask\" href=\"http:\/\/www.sekizmuzik.com\/index.php\/release\/biraderler\/\"><\/a>\n\n\t\t\t\n\t\t\t\t<div class=\"entry-image\" style=\"background-color:#BABABB;\">\n\n\t\t\t\t<img decoding=\"async\" class=\" resized-thumbnail \" src=\"https:\/\/i0.wp.com\/www.sekizmuzik.com\/wp-content\/uploads\/2019\/10\/Biraderler-Album-Kapak-440x440.jpg\" width=\"440\" height=\"440\" alt=\"Biraderler (Alb\u00fcm)\" title=\"Biraderler Alb\u00fcm Kapak\" \/>\n\t\t\t<\/div>\n\t\t\t<div class=\"entry-inner\">\n\t\t\t\t<div style=\"opacity:0.4;\" class=\"bg-overlay background-color-\"><\/div><!--.bg-overlay-->\t\t\t\t<div style=\"\" class=\"entry-summary\">\n\t\t\t\t\t<h3 class=\"entry-title\"><a href=\"http:\/\/www.sekizmuzik.com\/index.php\/release\/biraderler\/\" style=\"\">Biraderler<\/a><\/h3>\n\t\t\t\t\t<div style=\"\" class=\"entry-taxonomy\">\n\t\t\t\t\t\t<a href=\"http:\/\/www.sekizmuzik.com\/index.php\/artist-releases\/biraderler\/\" rel=\"tag\">Biraderler<\/a>\t\t\t\t\t<\/div><!-- .entry-taxonomy -->\n\t\t\t\t\t\t\t\t\t<\/div><!--  .entry-summary  -->\n\t\t\t<\/div><!--  .entry-summary-container  -->\n\t\t<\/div>\n\t<\/div><!-- .entry-box -->\n\n\t<\/article><!-- #post-## -->\n<article id=\"post-9665\" class=\"post-9665 release type-release status-publish has-post-thumbnail hentry band-savas-ozdemir label-digital-download release_genre-alternatif release_genre-pop-rock release_genre-rock entry clearfix entry-grid entry-columns-3 entry-release-module-layout-standard thumbnail-color-tone-dark is-spotify is-youtube has-audio-player entry-release entry-release-grid overlay-tone-dark\" data-post-id=\"9665\" itemscope itemtype=\"https:\/\/schema.org\/MusicAlbum\" data-aos=\"fade-up\" data-aos-once=\"true\" >\n\t<div class=\"entry-box\">\n\t\t<div class=\"entry-container\">\n\t\t\t<a class=\"entry-link-mask\" href=\"http:\/\/www.sekizmuzik.com\/index.php\/release\/savas_ozdemir-gece-ve-yol\/\"><\/a>\n\n\t\t\t\n\t\t\t\t<div class=\"entry-image\" style=\"background-color:#232D34;\">\n\n\t\t\t\t<img loading=\"lazy\" decoding=\"async\" class=\" resized-thumbnail \" src=\"https:\/\/i0.wp.com\/www.sekizmuzik.com\/wp-content\/uploads\/2022\/11\/Savas-Ozdemir-Gece-ve-Yol-Album-Sekiz-Muzik-scaled-440x440.jpg\" width=\"440\" height=\"440\" alt=\"Sava\u015f \u00d6zdemir - Gece Ve Yol (E.P.)\" title=\"Savas-\u00d6zdemir---Gece-ve-Yol-Alb\u00fcm-Sekiz M\u00fczik\" \/>\n\t\t\t<\/div>\n\t\t\t<div class=\"entry-inner\">\n\t\t\t\t<div style=\"opacity:0.4;\" class=\"bg-overlay background-color-\"><\/div><!--.bg-overlay-->\t\t\t\t<div style=\"\" class=\"entry-summary\">\n\t\t\t\t\t<h3 class=\"entry-title\"><a href=\"http:\/\/www.sekizmuzik.com\/index.php\/release\/savas_ozdemir-gece-ve-yol\/\" style=\"\">Gece Ve Yol<\/a><\/h3>\n\t\t\t\t\t<div style=\"\" class=\"entry-taxonomy\">\n\t\t\t\t\t\t<a href=\"http:\/\/www.sekizmuzik.com\/index.php\/artist-releases\/savas-ozdemir\/\" rel=\"tag\">Sava\u015f \u00d6zdemir<\/a>\t\t\t\t\t<\/div><!-- .entry-taxonomy -->\n\t\t\t\t\t\t\t\t\t<\/div><!--  .entry-summary  -->\n\t\t\t<\/div><!--  .entry-summary-container  -->\n\t\t<\/div>\n\t<\/div><!-- .entry-box -->\n\n\t<\/article><!-- #post-## -->\n<article id=\"post-9259\" class=\"post-9259 release type-release status-publish has-post-thumbnail hentry band-nara label-digital-download release_genre-alternatif release_genre-pop-rock release_genre-rock entry clearfix entry-grid entry-columns-3 entry-release-module-layout-standard thumbnail-color-tone-dark is-youtube has-audio-player is-single-audio entry-release entry-release-grid overlay-tone-dark\" data-post-id=\"9259\" itemscope itemtype=\"https:\/\/schema.org\/MusicAlbum\" data-aos=\"fade-up\" data-aos-once=\"true\" >\n\t<div class=\"entry-box\">\n\t\t<div class=\"entry-container\">\n\t\t\t<a class=\"entry-link-mask\" href=\"http:\/\/www.sekizmuzik.com\/index.php\/release\/nara\/\"><\/a>\n\n\t\t\t\n\t\t\t\t<div class=\"entry-image\" style=\"background-color:#631514;\">\n\n\t\t\t\t<img loading=\"lazy\" decoding=\"async\" class=\" resized-thumbnail \" src=\"https:\/\/i0.wp.com\/www.sekizmuzik.com\/wp-content\/uploads\/2019\/10\/Nara-Hayaller-ODasi.jpeg?fit=360%2C360\" width=\"360\" height=\"360\" alt=\"Nara Hayaller ODas\u0131\" title=\"Nara Hayaller ODas\u0131\" \/>\n\t\t\t<\/div>\n\t\t\t<div class=\"entry-inner\">\n\t\t\t\t<div style=\"opacity:0.4;\" class=\"bg-overlay background-color-\"><\/div><!--.bg-overlay-->\t\t\t\t<div style=\"\" class=\"entry-summary\">\n\t\t\t\t\t<h3 class=\"entry-title\"><a href=\"http:\/\/www.sekizmuzik.com\/index.php\/release\/nara\/\" style=\"\">Hayaller Odas\u0131<\/a><\/h3>\n\t\t\t\t\t<div style=\"\" class=\"entry-taxonomy\">\n\t\t\t\t\t\t<a href=\"http:\/\/www.sekizmuzik.com\/index.php\/artist-releases\/nara\/\" rel=\"tag\">Nara<\/a>\t\t\t\t\t<\/div><!-- .entry-taxonomy -->\n\t\t\t\t\t<span class=\"upcoming-release-date\">Release <\/span>\t\t\t\t<\/div><!--  .entry-summary  -->\n\t\t\t<\/div><!--  .entry-summary-container  -->\n\t\t<\/div>\n\t<\/div><!-- .entry-box -->\n\n\t<\/article><!-- #post-## -->\n<article id=\"post-9256\" class=\"post-9256 release type-release status-publish has-post-thumbnail hentry band-gunseli-deniz label-cd label-digital-download release_genre-pop release_genre-pop-rock entry clearfix entry-grid entry-columns-3 entry-release-module-layout-standard thumbnail-color-tone-dark is-youtube has-audio-player is-single-audio entry-release entry-release-grid overlay-tone-dark\" data-post-id=\"9256\" itemscope itemtype=\"https:\/\/schema.org\/MusicAlbum\" data-aos=\"fade-up\" data-aos-once=\"true\" >\n\t<div class=\"entry-box\">\n\t\t<div class=\"entry-container\">\n\t\t\t<a class=\"entry-link-mask\" href=\"http:\/\/www.sekizmuzik.com\/index.php\/release\/beloved\/\"><\/a>\n\n\t\t\t\n\t\t\t\t<div class=\"entry-image\" style=\"background-color:#677288;\">\n\n\t\t\t\t<img loading=\"lazy\" decoding=\"async\" class=\" resized-thumbnail \" src=\"https:\/\/i0.wp.com\/www.sekizmuzik.com\/wp-content\/uploads\/2019\/10\/Gunseli-Deniz-Kalp-Agrisi-Sekiz-Muzik-Yapim-440x440.png\" width=\"440\" height=\"440\" alt=\"G\u00fcnseli Deniz Kalp A\u011fr\u0131s\u0131 Sekiz M\u00fczik Yap\u0131m\" title=\"G\u00fcnseli Deniz Kalp A\u011fr\u0131s\u0131 Sekiz M\u00fczik Yap\u0131m\" \/>\n\t\t\t<\/div>\n\t\t\t<div class=\"entry-inner\">\n\t\t\t\t<div style=\"opacity:0.4;\" class=\"bg-overlay background-color-\"><\/div><!--.bg-overlay-->\t\t\t\t<div style=\"\" class=\"entry-summary\">\n\t\t\t\t\t<h3 class=\"entry-title\"><a href=\"http:\/\/www.sekizmuzik.com\/index.php\/release\/beloved\/\" style=\"\">Kalp A\u011fr\u0131s\u0131<\/a><\/h3>\n\t\t\t\t\t<div style=\"\" class=\"entry-taxonomy\">\n\t\t\t\t\t\t<a href=\"http:\/\/www.sekizmuzik.com\/index.php\/artist-releases\/gunseli-deniz\/\" rel=\"tag\">G\u00fcnseli Deniz<\/a>\t\t\t\t\t<\/div><!-- .entry-taxonomy -->\n\t\t\t\t\t\t\t\t\t<\/div><!--  .entry-summary  -->\n\t\t\t<\/div><!--  .entry-summary-container  -->\n\t\t<\/div>\n\t<\/div><!-- .entry-box -->\n\n\t<\/article><!-- #post-## -->\n<article id=\"post-9149\" class=\"post-9149 release type-release status-publish has-post-thumbnail hentry band-demode label-cd label-digital-download label-sekiz-o label-vinyl release_genre-alternatif release_genre-alternatif-rock release_genre-turkce-rock entry clearfix entry-grid entry-columns-3 entry-release-module-layout-standard thumbnail-color-tone-dark is-audio-embed is-spotify has-audio-player entry-release entry-release-grid overlay-tone-dark\" data-post-id=\"9149\" itemscope itemtype=\"https:\/\/schema.org\/MusicAlbum\" data-aos=\"fade-up\" data-aos-once=\"true\" >\n\t<div class=\"entry-box\">\n\t\t<div class=\"entry-container\">\n\t\t\t<a class=\"entry-link-mask\" href=\"http:\/\/www.sekizmuzik.com\/index.php\/release\/sevmedin\/\"><\/a>\n\n\t\t\t\n\t\t\t\t<div class=\"entry-image\" style=\"background-color:#434646;\">\n\n\t\t\t\t<img loading=\"lazy\" decoding=\"async\" class=\" resized-thumbnail \" src=\"https:\/\/i0.wp.com\/www.sekizmuzik.com\/wp-content\/uploads\/2019\/10\/Demode_Sevmedin_Cover_3000-scaled-440x440.jpg\" width=\"440\" height=\"440\" alt=\"Demode_Sevmedin_Cover_3000\" title=\"Demode_Sevmedin_Cover_3000\" \/>\n\t\t\t<\/div>\n\t\t\t<div class=\"entry-inner\">\n\t\t\t\t<div style=\"opacity:0.4;\" class=\"bg-overlay background-color-\"><\/div><!--.bg-overlay-->\t\t\t\t<div style=\"\" class=\"entry-summary\">\n\t\t\t\t\t<h3 class=\"entry-title\"><a href=\"http:\/\/www.sekizmuzik.com\/index.php\/release\/sevmedin\/\" style=\"\">Sevmedin<\/a><\/h3>\n\t\t\t\t\t<div style=\"\" class=\"entry-taxonomy\">\n\t\t\t\t\t\t<a href=\"http:\/\/www.sekizmuzik.com\/index.php\/artist-releases\/demode\/\" rel=\"tag\">Demode<\/a>\t\t\t\t\t<\/div><!-- .entry-taxonomy -->\n\t\t\t\t\t<span class=\"upcoming-release-date\">Release April 21, 2023<\/span>\t\t\t\t<\/div><!--  .entry-summary  -->\n\t\t\t<\/div><!--  .entry-summary-container  -->\n\t\t<\/div>\n\t<\/div><!-- .entry-box -->\n\n\t<\/article><!-- #post-## -->\n<article id=\"post-9102\" class=\"post-9102 release type-release status-publish has-post-thumbnail hentry band-ersen-ozpirincci label-digital-download label-vinyl release_genre-folk release_genre-pop release_genre-pop-rock release_genre-rock-blues release_genre-turk-halk-muzigi release_genre-turkce-rock entry clearfix entry-grid entry-columns-3 entry-release-module-layout-standard thumbnail-color-tone-dark is-youtube entry-release entry-release-grid overlay-tone-dark\" data-post-id=\"9102\" itemscope itemtype=\"https:\/\/schema.org\/MusicAlbum\" data-aos=\"fade-up\" data-aos-once=\"true\" >\n\t<div class=\"entry-box\">\n\t\t<div class=\"entry-container\">\n\t\t\t<a class=\"entry-link-mask\" href=\"http:\/\/www.sekizmuzik.com\/index.php\/release\/onu_gorunce\/\"><\/a>\n\n\t\t\t\n\t\t\t\t<div class=\"entry-image\" style=\"background-color:#535654;\">\n\n\t\t\t\t<img loading=\"lazy\" decoding=\"async\" class=\" resized-thumbnail \" src=\"https:\/\/i0.wp.com\/www.sekizmuzik.com\/wp-content\/uploads\/2019\/10\/Ersen_Ozpirincci_Onu_Gorunce_Album-440x440.jpeg\" width=\"440\" height=\"440\" alt=\"Ersen_O\u0308zpirinc\u0327ci_Onu_Go\u0308ru\u0308nce_Albu\u0308m\" title=\"Ersen_O\u0308zpirinc\u0327ci_Onu_Go\u0308ru\u0308nce_Albu\u0308m\" \/>\n\t\t\t<\/div>\n\t\t\t<div class=\"entry-inner\">\n\t\t\t\t<div style=\"opacity:0.4;\" class=\"bg-overlay background-color-\"><\/div><!--.bg-overlay-->\t\t\t\t<div style=\"\" class=\"entry-summary\">\n\t\t\t\t\t<h3 class=\"entry-title\"><a href=\"http:\/\/www.sekizmuzik.com\/index.php\/release\/onu_gorunce\/\" style=\"\">Onu G\u00f6r\u00fcnce<\/a><\/h3>\n\t\t\t\t\t<div style=\"\" class=\"entry-taxonomy\">\n\t\t\t\t\t\t<a href=\"http:\/\/www.sekizmuzik.com\/index.php\/artist-releases\/ersen-ozpirincci\/\" rel=\"tag\">Ersen \u00d6zpirin\u00e7ci<\/a>\t\t\t\t\t<\/div><!-- .entry-taxonomy -->\n\t\t\t\t\t\t\t\t\t<\/div><!--  .entry-summary  -->\n\t\t\t<\/div><!--  .entry-summary-container  -->\n\t\t<\/div>\n\t<\/div><!-- .entry-box -->\n\n\t<\/article><!-- #post-## -->\n<article id=\"post-8756\" class=\"post-8756 release type-release status-publish has-post-thumbnail hentry band-m-s-s label-digital-download release_genre-alternatif release_genre-pop-rock release_genre-rock entry clearfix entry-grid entry-columns-3 entry-release-module-layout-standard thumbnail-color-tone-dark is-audio-embed is-spotify has-audio-player entry-release entry-release-grid overlay-tone-dark\" data-post-id=\"8756\" itemscope itemtype=\"https:\/\/schema.org\/MusicAlbum\" data-aos=\"fade-up\" data-aos-once=\"true\" >\n\t<div class=\"entry-box\">\n\t\t<div class=\"entry-container\">\n\t\t\t<a class=\"entry-link-mask\" href=\"http:\/\/www.sekizmuzik.com\/index.php\/release\/satilik-ask-mss\/\"><\/a>\n\n\t\t\t\n\t\t\t\t<div class=\"entry-image\" style=\"background-color:#483C33;\">\n\n\t\t\t\t<img loading=\"lazy\" decoding=\"async\" class=\" resized-thumbnail \" src=\"https:\/\/i0.wp.com\/www.sekizmuzik.com\/wp-content\/uploads\/2022\/11\/MSS-SATILIK-ASK-KAPAK-440x440.jpg\" width=\"440\" height=\"440\" alt=\"M\u015e\u015e-SATILIK-A\u015eK-KAPAK\" title=\"M\u015e\u015e-SATILIK-A\u015eK-KAPAK\" \/>\n\t\t\t<\/div>\n\t\t\t<div class=\"entry-inner\">\n\t\t\t\t<div style=\"opacity:0.4;\" class=\"bg-overlay background-color-\"><\/div><!--.bg-overlay-->\t\t\t\t<div style=\"\" class=\"entry-summary\">\n\t\t\t\t\t<h3 class=\"entry-title\"><a href=\"http:\/\/www.sekizmuzik.com\/index.php\/release\/satilik-ask-mss\/\" style=\"\">Sat\u0131l\u0131k A\u015fk<\/a><\/h3>\n\t\t\t\t\t<div style=\"\" class=\"entry-taxonomy\">\n\t\t\t\t\t\t<a href=\"http:\/\/www.sekizmuzik.com\/index.php\/artist-releases\/m-s-s\/\" rel=\"tag\">M.\u015e.\u015e.<\/a>\t\t\t\t\t<\/div><!-- .entry-taxonomy -->\n\t\t\t\t\t\t\t\t\t<\/div><!--  .entry-summary  -->\n\t\t\t<\/div><!--  .entry-summary-container  -->\n\t\t<\/div>\n\t<\/div><!-- .entry-box -->\n\n\t<\/article><!-- #post-## -->\n<\/div><!--.items-->\t\t\t\t\t\t<\/div>\n\t\t\t\t<\/div>\n\t\t\t\t\t<\/div>\n\t\t<\/div>\n\t\t\t\t\t\t\t<\/div>\n\t\t<\/section>\n\t\t\t\t\t\t\t<\/div>\n\t\t","protected":false},"excerpt":{"rendered":"<p>Void Fall of Spice<\/p>\n","protected":false},"author":1,"featured_media":0,"parent":12273,"menu_order":0,"comment_status":"closed","ping_status":"closed","template":"","meta":[],"aioseo_notices":[],"_links":{"self":[{"href":"http:\/\/www.sekizmuzik.com\/index.php\/wp-json\/wp\/v2\/pages\/11039"}],"collection":[{"href":"http:\/\/www.sekizmuzik.com\/index.php\/wp-json\/wp\/v2\/pages"}],"about":[{"href":"http:\/\/www.sekizmuzik.com\/index.php\/wp-json\/wp\/v2\/types\/page"}],"author":[{"embeddable":true,"href":"http:\/\/www.sekizmuzik.com\/index.php\/wp-json\/wp\/v2\/users\/1"}],"replies":[{"embeddable":true,"href":"http:\/\/www.sekizmuzik.com\/index.php\/wp-json\/wp\/v2\/comments?post=11039"}],"version-history":[{"count":1,"href":"http:\/\/www.sekizmuzik.com\/index.php\/wp-json\/wp\/v2\/pages\/11039\/revisions"}],"predecessor-version":[{"id":12526,"href":"http:\/\/www.sekizmuzik.com\/index.php\/wp-json\/wp\/v2\/pages\/11039\/revisions\/12526"}],"up":[{"embeddable":true,"href":"http:\/\/www.sekizmuzik.com\/index.php\/wp-json\/wp\/v2\/pages\/12273"}],"wp:attachment":[{"href":"http:\/\/www.sekizmuzik.com\/index.php\/wp-json\/wp\/v2\/media?parent=11039"}],"curies":[{"name":"wp","href":"https:\/\/api.w.org\/{rel}","templated":true}]}}