{"id":355,"date":"2021-03-30T14:36:58","date_gmt":"2021-03-30T14:36:58","guid":{"rendered":"https:\/\/preview.wolfthemes.live\/swingster\/?page_id=355"},"modified":"2021-03-30T14:36:58","modified_gmt":"2021-03-30T14:36:58","slug":"videos-4-columns","status":"publish","type":"page","link":"http:\/\/www.sekizmuzik.com\/index.php\/videos\/videos-4-columns\/","title":{"rendered":"Videos 4 Columns"},"content":{"rendered":"\t\t<div data-elementor-type=\"wp-page\" data-elementor-id=\"355\" class=\"elementor elementor-355\">\n\t\t\t\t\t\t\t\t\t<section class=\"wolf-core-elementor-row wolf-core-font-  elementor-section elementor-top-section elementor-element elementor-element-b67eeda elementor-section-boxed elementor-section-height-default elementor-section-height-default\" data-id=\"b67eeda\" data-element_type=\"section\">\n\t\t\t\t\t\t<div class=\"elementor-container elementor-column-gap-wider\">\n\t\t\t\t\t<div class=\"elementor-column elementor-col-100 elementor-top-column elementor-element elementor-element-c8b78dd\" data-id=\"c8b78dd\" data-element_type=\"column\">\n\t\t\t<div class=\"elementor-widget-wrap elementor-element-populated\">\n\t\t\t\t\t\t\t\t<div class=\"elementor-element elementor-element-1193e4d elementor-widget elementor-widget-video-index\" data-id=\"1193e4d\" data-element_type=\"widget\" data-widget_type=\"video-index.default\">\n\t\t\t\t<div class=\"elementor-widget-container\">\n\t\t\t<div id=\"index-52247\" data-post-type=\"video\" data-params=\"{&quot;post_type&quot;:&quot;video&quot;,&quot;posts_per_page&quot;:&quot;8&quot;,&quot;grid_padding&quot;:&quot;yes&quot;,&quot;item_animation&quot;:&quot;zoom-in&quot;,&quot;columns&quot;:&quot;4&quot;,&quot;overlay_color&quot;:&quot;black&quot;,&quot;overlay_text_color&quot;:&quot;white&quot;,&quot;overlay_opacity&quot;:44,&quot;caption_text_alignment&quot;:&quot;center&quot;,&quot;caption_v_align&quot;:&quot;middle&quot;,&quot;post_display&quot;:&quot;standard&quot;,&quot;post_metro_pattern&quot;:&quot;auto&quot;,&quot;post_module&quot;:&quot;grid&quot;,&quot;post_thumbnail_size&quot;:&quot;standard&quot;,&quot;post_layout&quot;:&quot;standard&quot;,&quot;post_excerpt_type&quot;:&quot;auto&quot;,&quot;post_excerpt_length&quot;:&quot;shorten&quot;,&quot;post_display_elements&quot;:&quot;show_thumbnail,show_date,show_text,show_author,show_category&quot;,&quot;pagination&quot;:&quot;load_more&quot;,&quot;page_display&quot;:&quot;grid&quot;,&quot;work_display&quot;:&quot;masonry&quot;,&quot;work_module&quot;:&quot;grid&quot;,&quot;work_thumbnail_size&quot;:&quot;standard&quot;,&quot;work_layout&quot;:&quot;overlay&quot;,&quot;work_category_filter&quot;:true,&quot;work_category_filter_text_alignment&quot;:&quot;center&quot;,&quot;work_hover_effect&quot;:&quot;default&quot;,&quot;product_display&quot;:&quot;grid&quot;,&quot;product_metro_pattern&quot;:&quot;pattern-1&quot;,&quot;product_module&quot;:&quot;grid&quot;,&quot;release_display&quot;:&quot;grid&quot;,&quot;release_metro_pattern&quot;:&quot;pattern-1&quot;,&quot;release_hover_effect&quot;:&quot;default&quot;,&quot;release_category_filter_text_alignment&quot;:&quot;center&quot;,&quot;release_module&quot;:&quot;grid&quot;,&quot;release_thumbnail_size&quot;:&quot;square&quot;,&quot;release_layout&quot;:&quot;standard&quot;,&quot;event_display&quot;:&quot;list&quot;,&quot;event_module&quot;:&quot;grid&quot;,&quot;event_thumbnail_size&quot;:&quot;standard&quot;,&quot;event_location&quot;:&quot;location&quot;,&quot;timeline&quot;:&quot;future&quot;,&quot;mp_event_display&quot;:&quot;grid&quot;,&quot;mp_event_module&quot;:&quot;grid&quot;,&quot;video_display&quot;:&quot;grid&quot;,&quot;video_layout&quot;:&quot;gallery&quot;,&quot;video_module&quot;:&quot;grid&quot;,&quot;video_onclick&quot;:&quot;lightbox&quot;,&quot;artist_display&quot;:&quot;list&quot;,&quot;artist_metro_pattern&quot;:&quot;auto&quot;,&quot;artist_hover_effect&quot;:&quot;default&quot;,&quot;artist_module&quot;:&quot;grid&quot;,&quot;artist_category_filter_text_alignment&quot;:&quot;center&quot;,&quot;artist_thumbnail_size&quot;:&quot;standard&quot;,&quot;gallery_display&quot;:&quot;grid&quot;,&quot;gallery_module&quot;:&quot;grid&quot;,&quot;gallery_thumbnail_size&quot;:&quot;standard&quot;,&quot;gallery_custom_thumbnail_size&quot;:&quot;standard&quot;,&quot;gallery_layout&quot;:&quot;standard&quot;,&quot;gallery_category_filter&quot;:true,&quot;gallery_category_filter_text_alignment&quot;:&quot;center&quot;,&quot;gallery_hover_effect&quot;:&quot;default&quot;,&quot;attachment_display&quot;:&quot;masonry_horizontal&quot;,&quot;attachment_thumbnail_size&quot;:&quot;standard&quot;,&quot;attachment_custom_thumbnail_size&quot;:&quot;standard&quot;,&quot;el_id&quot;:&quot;index-52247&quot;,&quot;_padding&quot;:{&quot;unit&quot;:&quot;px&quot;,&quot;top&quot;:&quot;0&quot;,&quot;right&quot;:&quot;0&quot;,&quot;bottom&quot;:&quot;0&quot;,&quot;left&quot;:&quot;0&quot;,&quot;isLinked&quot;:false},&quot;_margin&quot;:{&quot;unit&quot;:&quot;px&quot;,&quot;top&quot;:&quot;&quot;,&quot;right&quot;:&quot;&quot;,&quot;bottom&quot;:&quot;&quot;,&quot;left&quot;:&quot;&quot;,&quot;isLinked&quot;:true},&quot;_transform_keep_proportions&quot;:&quot;yes&quot;,&quot;_transform_keep_proportions_hover&quot;:&quot;yes&quot;,&quot;_transform_transition_hover&quot;:{&quot;unit&quot;:&quot;px&quot;,&quot;size&quot;:&quot;&quot;,&quot;sizes&quot;:[]},&quot;_background_hover_transition&quot;:{&quot;unit&quot;:&quot;px&quot;,&quot;size&quot;:&quot;&quot;,&quot;sizes&quot;:[]},&quot;_border_radius&quot;:{&quot;unit&quot;:&quot;px&quot;,&quot;top&quot;:&quot;&quot;,&quot;right&quot;:&quot;&quot;,&quot;bottom&quot;:&quot;&quot;,&quot;left&quot;:&quot;&quot;,&quot;isLinked&quot;:true},&quot;_border_radius_hover&quot;:{&quot;unit&quot;:&quot;px&quot;,&quot;top&quot;:&quot;&quot;,&quot;right&quot;:&quot;&quot;,&quot;bottom&quot;:&quot;&quot;,&quot;left&quot;:&quot;&quot;,&quot;isLinked&quot;:true},&quot;_border_hover_transition&quot;:{&quot;unit&quot;:&quot;px&quot;,&quot;size&quot;:&quot;&quot;,&quot;sizes&quot;:[]}}\" class=\"clearfix items wvc-element wolf-core-element entry-grid-loading video-items videos caption-text-align-center caption-valign-middle grid-padding-yes display-grid video-display-grid module-grid video-module-grid items-thumbnail-size- layout-gallery video-layout-gallery pagination-load_more grid video-preview-\">\n<article id=\"post-8855\" class=\"post-8855 video type-video status-publish has-post-thumbnail hentry video_type-official-videos video_type-video-klip video_tag-nara video_tag-ne-olur-gitme entry clearfix entry-grid entry-columns-4 entry-video-module-layout-gallery thumbnail-color-tone-dark metro-landscape is-youtube has-video entry-video entry-video-grid\" data-post-id=\"8855\" data-aos=\"zoom-in\" data-aos-once=\"true\" >\n\t<div class=\"entry-box\">\n\t\t<div class=\"entry-outer\">\n\t\t\t<div class=\"entry-container\">\n\t\t\t\t<a href=\"https:\/\/www.youtube.com\/watch?v=Y486GbXKN4g\" class=\"entry-link-mask lightbox-video pause-players\"><\/a>\n\t\t\t\t\n\t\t\t\t<div class=\"entry-image\" style=\"background-color:#5C4842;\">\n\t\t\t\t\t<img fetchpriority=\"high\" decoding=\"async\" class=\"resized-thumbnail \" src=\"https:\/\/i0.wp.com\/www.sekizmuzik.com\/wp-content\/uploads\/2019\/10\/grup-nara-ne-olur-gitme-415x230.jpg\" width=\"415\" height=\"230\" alt=\"grup nara ne olur gitme\" title=\"grup nara ne olur gitme\" \/>\t\t\t\t<\/div><!-- .entry-image -->\n\n\t\t\t\t<div class=\"video-play-button\">\n\t\t\t\t\t<span class=\"fa fa-3x video-play-icon\"><\/span>\n\t\t\t\t<\/div><!-- .video-play-button -->\n\t\t\t\t<div class=\"video-summary\">\n\t\t\t\t\t<div class=\"video-summary-inner\">\n\t\t\t\t\t\t<h2 class=\"entry-title\">\n\t\t\t\t\t\t\tNe Olur Gitme\t\t\t\t\t\t<\/h2>\n\n\t\t\t\t\t<\/div><!-- .video-summary-inner -->\n\t\t\t\t<\/div><!-- .video-summary -->\n\t\t\t<\/div><!-- .entry-container -->\n\t\t<\/div><!-- .entry-outer -->\n\t<\/div><!-- .entry-box -->\n\t<\/article>\n<article id=\"post-8906\" class=\"post-8906 video type-video status-publish has-post-thumbnail hentry video_type-official-videos video_type-studio video_type-video-klip video_tag-alternatif video_tag-alternatif-rock video_tag-demode video_tag-demode-sevmedin video_tag-sevmedin video_tag-turkce-muzik video_tag-turkce-rock entry clearfix entry-grid entry-columns-4 entry-video-module-layout-gallery thumbnail-color-tone-dark metro-landscape has-video entry-video entry-video-grid\" data-post-id=\"8906\" data-aos=\"zoom-in\" data-aos-once=\"true\" >\n\t<div class=\"entry-box\">\n\t\t<div class=\"entry-outer\">\n\t\t\t<div class=\"entry-container\">\n\t\t\t\t<a href=\"\" class=\"entry-link-mask lightbox-video pause-players\"><\/a>\n\t\t\t\t\n\t\t\t\t<div class=\"entry-image\" style=\"background-color:#454344;\">\n\t\t\t\t\t<img decoding=\"async\" class=\"resized-thumbnail \" src=\"https:\/\/i0.wp.com\/www.sekizmuzik.com\/wp-content\/uploads\/2019\/10\/Demode_Sevmedin_Youtube_Thump-415x230.jpg\" width=\"415\" height=\"230\" alt=\"Demode - Sevmedin Video Klip\" title=\"Demode_Sevmedin_Youtube_Thump\" \/>\t\t\t\t<\/div><!-- .entry-image -->\n\n\t\t\t\t<div class=\"video-play-button\">\n\t\t\t\t\t<span class=\"fa fa-3x video-play-icon\"><\/span>\n\t\t\t\t<\/div><!-- .video-play-button -->\n\t\t\t\t<div class=\"video-summary\">\n\t\t\t\t\t<div class=\"video-summary-inner\">\n\t\t\t\t\t\t<h2 class=\"entry-title\">\n\t\t\t\t\t\t\tSevmedin\t\t\t\t\t\t<\/h2>\n\n\t\t\t\t\t<\/div><!-- .video-summary-inner -->\n\t\t\t\t<\/div><!-- .video-summary -->\n\t\t\t<\/div><!-- .entry-container -->\n\t\t<\/div><!-- .entry-outer -->\n\t<\/div><!-- .entry-box -->\n\t<\/article>\n<article id=\"post-8752\" class=\"post-8752 video type-video status-publish has-post-thumbnail hentry video_type-studio video_tag-yildiz-tilbe entry clearfix entry-grid entry-columns-4 entry-video-module-layout-gallery thumbnail-color-tone-dark metro-landscape is-youtube has-video entry-video entry-video-grid\" data-post-id=\"8752\" data-aos=\"zoom-in\" data-aos-once=\"true\" >\n\t<div class=\"entry-box\">\n\t\t<div class=\"entry-outer\">\n\t\t\t<div class=\"entry-container\">\n\t\t\t\t<a href=\"https:\/\/www.youtube.com\/watch?v=QmttfBaJvO8\" class=\"entry-link-mask lightbox-video pause-players\"><\/a>\n\t\t\t\t\n\t\t\t\t<div class=\"entry-image\" style=\"background-color:#75604A;\">\n\t\t\t\t\t<img decoding=\"async\" class=\"resized-thumbnail \" src=\"https:\/\/i0.wp.com\/www.sekizmuzik.com\/wp-content\/uploads\/2019\/10\/lutuf-mucize-415x230.jpg\" width=\"415\" height=\"230\" alt=\"lu\u0308tuf mucize\" title=\"lu\u0308tuf mucize\" \/>\t\t\t\t<\/div><!-- .entry-image -->\n\n\t\t\t\t<div class=\"video-play-button\">\n\t\t\t\t\t<span class=\"fa fa-3x video-play-icon\"><\/span>\n\t\t\t\t<\/div><!-- .video-play-button -->\n\t\t\t\t<div class=\"video-summary\">\n\t\t\t\t\t<div class=\"video-summary-inner\">\n\t\t\t\t\t\t<h2 class=\"entry-title\">\n\t\t\t\t\t\t\tL\u00fctuf Mucize\t\t\t\t\t\t<\/h2>\n\n\t\t\t\t\t<\/div><!-- .video-summary-inner -->\n\t\t\t\t<\/div><!-- .video-summary -->\n\t\t\t<\/div><!-- .entry-container -->\n\t\t<\/div><!-- .entry-outer -->\n\t<\/div><!-- .entry-box -->\n\t<\/article>\n<article id=\"post-8918\" class=\"post-8918 video type-video status-publish has-post-thumbnail hentry video_type-video-klip video_tag-athena video_tag-biraderler video_tag-burhan-kulle video_tag-kargo video_tag-klip video_tag-m-s-s video_tag-mehmet-senol-sisli video_tag-oha video_tag-rock-dinle video_tag-teoman video_tag-turk-rock-gruplari video_tag-turkce-rock entry clearfix entry-grid entry-columns-4 entry-video-module-layout-gallery thumbnail-color-tone-dark metro-landscape is-youtube has-video entry-video entry-video-grid\" data-post-id=\"8918\" data-aos=\"zoom-in\" data-aos-once=\"true\" >\n\t<div class=\"entry-box\">\n\t\t<div class=\"entry-outer\">\n\t\t\t<div class=\"entry-container\">\n\t\t\t\t<a href=\"https:\/\/www.youtube.com\/watch?v=tH8Dd-0V-24\" class=\"entry-link-mask lightbox-video pause-players\"><\/a>\n\t\t\t\t\n\t\t\t\t<div class=\"entry-image\" style=\"background-color:#818E9C;\">\n\t\t\t\t\t<img loading=\"lazy\" decoding=\"async\" class=\"resized-thumbnail \" src=\"https:\/\/i0.wp.com\/www.sekizmuzik.com\/wp-content\/uploads\/2019\/10\/Biraderlerler-MSS-Burhan-Kulle-Turgay-Glaydin-Klip-415x230.jpg\" width=\"415\" height=\"230\" alt=\"Biraderlerler M\u015e\u015e, Burhan Kulle, Turgay Glayd\u0131n Klip\" title=\"Biraderlerler M\u015e\u015e, Burhan Kulle, Turgay Glayd\u0131n Klip\" \/>\t\t\t\t<\/div><!-- .entry-image -->\n\n\t\t\t\t<div class=\"video-play-button\">\n\t\t\t\t\t<span class=\"fa fa-3x video-play-icon\"><\/span>\n\t\t\t\t<\/div><!-- .video-play-button -->\n\t\t\t\t<div class=\"video-summary\">\n\t\t\t\t\t<div class=\"video-summary-inner\">\n\t\t\t\t\t\t<h2 class=\"entry-title\">\n\t\t\t\t\t\t\tBiraderler &#8216;Oha&#8217;\t\t\t\t\t\t<\/h2>\n\n\t\t\t\t\t<\/div><!-- .video-summary-inner -->\n\t\t\t\t<\/div><!-- .video-summary -->\n\t\t\t<\/div><!-- .entry-container -->\n\t\t<\/div><!-- .entry-outer -->\n\t<\/div><!-- .entry-box -->\n\t<\/article>\n<article id=\"post-8910\" class=\"post-8910 video type-video status-publish has-post-thumbnail hentry video_type-official-videos video_type-video-klip video_tag-gece-ve-yol video_tag-gonul-dagi video_tag-gonul-dagi-savas-ozdemir video_tag-kapat-aklinin-kapilarini video_tag-savas-ozdemir video_tag-savas-ozdemir-dizi video_tag-sekiz-muzik-iletisim video_tag-sekiz-muzik-yapim video_tag-sekiz-muzik-yapim-klipler video_tag-sertac-ekiz video_tag-ugurcan-uruk entry clearfix entry-grid entry-columns-4 entry-video-module-layout-gallery thumbnail-color-tone-dark metro-landscape is-youtube has-video entry-video entry-video-grid\" data-post-id=\"8910\" data-aos=\"zoom-in\" data-aos-once=\"true\" >\n\t<div class=\"entry-box\">\n\t\t<div class=\"entry-outer\">\n\t\t\t<div class=\"entry-container\">\n\t\t\t\t<a href=\"https:\/\/www.youtube.com\/watch?v=f4hrqWRzAY0\" class=\"entry-link-mask lightbox-video pause-players\"><\/a>\n\t\t\t\t\n\t\t\t\t<div class=\"entry-image\" style=\"background-color:#3C4C57;\">\n\t\t\t\t\t<img loading=\"lazy\" decoding=\"async\" class=\"resized-thumbnail \" src=\"https:\/\/i0.wp.com\/www.sekizmuzik.com\/wp-content\/uploads\/2019\/10\/Savas-Ozdemir-Muzik-Klip-Dizi-415x230.jpg\" width=\"415\" height=\"230\" alt=\"Sava\u015f-\u00d6zdemir-M\u00fczik-Klip-Dizi\" title=\"Sava\u015f-\u00d6zdemir-M\u00fczik-Klip-Dizi\" \/>\t\t\t\t<\/div><!-- .entry-image -->\n\n\t\t\t\t<div class=\"video-play-button\">\n\t\t\t\t\t<span class=\"fa fa-3x video-play-icon\"><\/span>\n\t\t\t\t<\/div><!-- .video-play-button -->\n\t\t\t\t<div class=\"video-summary\">\n\t\t\t\t\t<div class=\"video-summary-inner\">\n\t\t\t\t\t\t<h2 class=\"entry-title\">\n\t\t\t\t\t\t\tKapat Akl\u0131n\u0131n Kap\u0131lar\u0131n\u0131\t\t\t\t\t\t<\/h2>\n\n\t\t\t\t\t<\/div><!-- .video-summary-inner -->\n\t\t\t\t<\/div><!-- .video-summary -->\n\t\t\t<\/div><!-- .entry-container -->\n\t\t<\/div><!-- .entry-outer -->\n\t<\/div><!-- .entry-box -->\n\t<\/article>\n<article id=\"post-8908\" class=\"post-8908 video type-video status-publish has-post-thumbnail hentry video_type-official-videos video_type-video-klip video_tag-bedlik-amiri video_tag-kargo-mss video_tag-m-s-s video_tag-mehmet-senol-sisli video_tag-mss video_tag-mss-kargo video_tag-ne-kadar-cabuk-gecti video_tag-satilik-ask entry clearfix entry-grid entry-columns-4 entry-video-module-layout-gallery thumbnail-color-tone-dark metro-landscape is-youtube has-video entry-video entry-video-grid\" data-post-id=\"8908\" data-aos=\"zoom-in\" data-aos-once=\"true\" >\n\t<div class=\"entry-box\">\n\t\t<div class=\"entry-outer\">\n\t\t\t<div class=\"entry-container\">\n\t\t\t\t<a href=\"https:\/\/www.youtube.com\/watch?v=l3_6EcnI29g\" class=\"entry-link-mask lightbox-video pause-players\"><\/a>\n\t\t\t\t\n\t\t\t\t<div class=\"entry-image\" style=\"background-color:;\">\n\t\t\t\t\t<img loading=\"lazy\" decoding=\"async\" class=\"resized-thumbnail \" src=\"https:\/\/i0.wp.com\/www.sekizmuzik.com\/wp-content\/uploads\/2019\/10\/M.S.S.-Ne-Kadar-Cabuk-Gecti-Klip-415x230.webp\" width=\"415\" height=\"230\" alt=\"M.\u015e.\u015e. Ne Kadar \u00c7abuk Ge\u00e7ti Klip\" title=\"M.\u015e.\u015e. Ne Kadar \u00c7abuk Ge\u00e7ti Klip\" \/>\t\t\t\t<\/div><!-- .entry-image -->\n\n\t\t\t\t<div class=\"video-play-button\">\n\t\t\t\t\t<span class=\"fa fa-3x video-play-icon\"><\/span>\n\t\t\t\t<\/div><!-- .video-play-button -->\n\t\t\t\t<div class=\"video-summary\">\n\t\t\t\t\t<div class=\"video-summary-inner\">\n\t\t\t\t\t\t<h2 class=\"entry-title\">\n\t\t\t\t\t\t\tNe Kadar \u00c7abuk Ge\u00e7ti\t\t\t\t\t\t<\/h2>\n\n\t\t\t\t\t<\/div><!-- .video-summary-inner -->\n\t\t\t\t<\/div><!-- .video-summary -->\n\t\t\t<\/div><!-- .entry-container -->\n\t\t<\/div><!-- .entry-outer -->\n\t<\/div><!-- .entry-box -->\n\t<\/article>\n<article id=\"post-8881\" class=\"post-8881 video type-video status-publish has-post-thumbnail hentry video_type-official-videos video_type-video-klip video_tag-ersen-ozpirincci video_tag-huseyin-cevahir-unal video_tag-onu-gorunce video_tag-sekiz-muzik entry clearfix entry-grid entry-columns-4 entry-video-module-layout-gallery thumbnail-color-tone-dark is-youtube has-video entry-video entry-video-grid\" data-post-id=\"8881\" data-aos=\"zoom-in\" data-aos-once=\"true\" >\n\t<div class=\"entry-box\">\n\t\t<div class=\"entry-outer\">\n\t\t\t<div class=\"entry-container\">\n\t\t\t\t<a href=\"https:\/\/www.youtube.com\/watch?v=C2Kr8i07qrc\" class=\"entry-link-mask lightbox-video pause-players\"><\/a>\n\t\t\t\t\n\t\t\t\t<div class=\"entry-image\" style=\"background-color:#7A8387;\">\n\t\t\t\t\t<img loading=\"lazy\" decoding=\"async\" class=\"resized-thumbnail \" src=\"https:\/\/i0.wp.com\/www.sekizmuzik.com\/wp-content\/uploads\/2019\/10\/ersen-ozpirincci--415x230.jpg\" width=\"415\" height=\"230\" alt=\"ersen o\u0308zpirinc\u0327ci\" title=\"ersen o\u0308zpirinc\u0327ci\" \/>\t\t\t\t<\/div><!-- .entry-image -->\n\n\t\t\t\t<div class=\"video-play-button\">\n\t\t\t\t\t<span class=\"fa fa-3x video-play-icon\"><\/span>\n\t\t\t\t<\/div><!-- .video-play-button -->\n\t\t\t\t<div class=\"video-summary\">\n\t\t\t\t\t<div class=\"video-summary-inner\">\n\t\t\t\t\t\t<h2 class=\"entry-title\">\n\t\t\t\t\t\t\tOnu G\u00f6r\u00fcnce\t\t\t\t\t\t<\/h2>\n\n\t\t\t\t\t<\/div><!-- .video-summary-inner -->\n\t\t\t\t<\/div><!-- .video-summary -->\n\t\t\t<\/div><!-- .entry-container -->\n\t\t<\/div><!-- .entry-outer -->\n\t<\/div><!-- .entry-box -->\n\t<\/article>\n<\/div><!--.items-->\t\t\t\t\t\t<\/div>\n\t\t\t\t<\/div>\n\t\t\t\t\t<\/div>\n\t\t<\/div>\n\t\t\t\t\t\t\t<\/div>\n\t\t<\/section>\n\t\t\t\t\t\t\t<\/div>\n\t\t","protected":false},"excerpt":{"rendered":"<p>Roswell &#8211; Dimman Dallas &#8211; Strangers ADLIVUN &#8211; Archeology Summerfest NANO Adulescens &#8211; \u2018Nymphs\u2019 Friendly Fire CRYPTA &#8211; Studio Report Load More<\/p>\n","protected":false},"author":1,"featured_media":0,"parent":12275,"menu_order":0,"comment_status":"closed","ping_status":"closed","template":"","meta":[],"aioseo_notices":[],"_links":{"self":[{"href":"http:\/\/www.sekizmuzik.com\/index.php\/wp-json\/wp\/v2\/pages\/355"}],"collection":[{"href":"http:\/\/www.sekizmuzik.com\/index.php\/wp-json\/wp\/v2\/pages"}],"about":[{"href":"http:\/\/www.sekizmuzik.com\/index.php\/wp-json\/wp\/v2\/types\/page"}],"author":[{"embeddable":true,"href":"http:\/\/www.sekizmuzik.com\/index.php\/wp-json\/wp\/v2\/users\/1"}],"replies":[{"embeddable":true,"href":"http:\/\/www.sekizmuzik.com\/index.php\/wp-json\/wp\/v2\/comments?post=355"}],"version-history":[{"count":0,"href":"http:\/\/www.sekizmuzik.com\/index.php\/wp-json\/wp\/v2\/pages\/355\/revisions"}],"up":[{"embeddable":true,"href":"http:\/\/www.sekizmuzik.com\/index.php\/wp-json\/wp\/v2\/pages\/12275"}],"wp:attachment":[{"href":"http:\/\/www.sekizmuzik.com\/index.php\/wp-json\/wp\/v2\/media?parent=355"}],"curies":[{"name":"wp","href":"https:\/\/api.w.org\/{rel}","templated":true}]}}