{"id":38,"date":"2021-03-09T15:52:16","date_gmt":"2021-03-09T15:52:16","guid":{"rendered":"https:\/\/preview.wolfthemes.live\/swingster\/?page_id=38"},"modified":"2022-11-29T22:06:13","modified_gmt":"2022-11-29T22:06:13","slug":"iletisim","status":"publish","type":"page","link":"http:\/\/www.sekizmuzik.com\/index.php\/iletisim\/","title":{"rendered":"\u0130leti\u015fim"},"content":{"rendered":"\t\t<div data-elementor-type=\"wp-page\" data-elementor-id=\"38\" class=\"elementor elementor-38\">\n\t\t\t\t\t\t\t\t\t<section class=\"wolf-core-elementor-row wolf-core-font-light  elementor-section elementor-top-section elementor-element elementor-element-0d6adfa elementor-section-height-min-height wolf-core-font-light elementor-section-boxed elementor-section-height-default elementor-section-items-middle wolf-core-row-parallax-no\" data-id=\"0d6adfa\" data-element_type=\"section\" data-settings=\"{&quot;background_background&quot;:&quot;classic&quot;}\">\n\t\t\t\t\t\t<div class=\"elementor-container elementor-column-gap-default\">\n\t\t\t\t\t<div class=\"elementor-column elementor-col-100 elementor-top-column elementor-element elementor-element-b11eced\" data-id=\"b11eced\" data-element_type=\"column\">\n\t\t\t<div class=\"elementor-widget-wrap elementor-element-populated\">\n\t\t\t\t\t\t\t\t<div class=\"wolf-core-heading elementor-element elementor-element-e619f2b elementor-widget elementor-widget-heading\" data-id=\"e619f2b\" data-element_type=\"widget\" data-widget_type=\"heading.default\">\n\t\t\t\t<div class=\"elementor-widget-container\">\n\t\t\t<style>\/*! elementor - v3.18.0 - 20-12-2023 *\/\n.elementor-heading-title{padding:0;margin:0;line-height:1}.elementor-widget-heading .elementor-heading-title[class*=elementor-size-]>a{color:inherit;font-size:inherit;line-height:inherit}.elementor-widget-heading .elementor-heading-title.elementor-size-small{font-size:15px}.elementor-widget-heading .elementor-heading-title.elementor-size-medium{font-size:19px}.elementor-widget-heading .elementor-heading-title.elementor-size-large{font-size:29px}.elementor-widget-heading .elementor-heading-title.elementor-size-xl{font-size:39px}.elementor-widget-heading .elementor-heading-title.elementor-size-xxl{font-size:59px}<\/style><h2 class=\"elementor-heading-title elementor-size-default\">B\u0130ZE ULA\u015eIN<\/h2>\t\t<\/div>\n\t\t\t\t<\/div>\n\t\t\t\t\t<\/div>\n\t\t<\/div>\n\t\t\t\t\t\t\t<\/div>\n\t\t<\/section>\n\t\t\t\t<section class=\"wolf-core-elementor-row wolf-core-font-  elementor-section elementor-top-section elementor-element elementor-element-e88ebd0 elementor-section-boxed elementor-section-height-default elementor-section-height-default\" data-id=\"e88ebd0\" data-element_type=\"section\">\n\t\t\t\t\t\t<div class=\"elementor-container elementor-column-gap-wider\">\n\t\t\t\t\t<div class=\"elementor-column elementor-col-100 elementor-top-column elementor-element elementor-element-2443e07\" data-id=\"2443e07\" data-element_type=\"column\">\n\t\t\t<div class=\"elementor-widget-wrap elementor-element-populated\">\n\t\t\t\t\t\t\t\t<div class=\"wolf-core-heading elementor-element elementor-element-f6525f1 elementor-invisible elementor-widget elementor-widget-heading\" data-id=\"f6525f1\" data-element_type=\"widget\" data-settings=\"{&quot;_animation&quot;:&quot;fadeInUp&quot;}\" data-widget_type=\"heading.default\">\n\t\t\t\t<div class=\"elementor-widget-container\">\n\t\t\t<h2 class=\"elementor-heading-title elementor-size-default\">SEK\u0130Z M\u00dcZ\u0130K YAPIM GRUP <\/h2>\t\t<\/div>\n\t\t\t\t<\/div>\n\t\t\t\t<div class=\" elementor-element elementor-element-41e9948 elementor-invisible elementor-widget elementor-widget-text-editor\" data-id=\"41e9948\" data-element_type=\"widget\" data-settings=\"{&quot;_animation&quot;:&quot;fadeIn&quot;,&quot;_animation_delay&quot;:300}\" data-widget_type=\"text-editor.default\">\n\t\t\t\t<div class=\"elementor-widget-container\">\n\t\t\t<style>\/*! elementor - v3.18.0 - 20-12-2023 *\/\n.elementor-widget-text-editor.elementor-drop-cap-view-stacked .elementor-drop-cap{background-color:#69727d;color:#fff}.elementor-widget-text-editor.elementor-drop-cap-view-framed .elementor-drop-cap{color:#69727d;border:3px solid;background-color:transparent}.elementor-widget-text-editor:not(.elementor-drop-cap-view-default) .elementor-drop-cap{margin-top:8px}.elementor-widget-text-editor:not(.elementor-drop-cap-view-default) .elementor-drop-cap-letter{width:1em;height:1em}.elementor-widget-text-editor .elementor-drop-cap{float:left;text-align:center;line-height:1;font-size:50px}.elementor-widget-text-editor .elementor-drop-cap-letter{display:inline-block}<\/style>\t\t\t\t<p><b>Adres :<\/b> Nisbetiye Mah.Uygur \u0130\u015f Merkezi, Gazi G\u00fc\u00e7nar Sk. No:4 D:7, 34340 Etiler\/ Be\u015fikta\u015f\/ \u0130stanbul\u00a0<br \/><span style=\"background-color: initial;\" aria-label=\"Call phone number (0212) 337 88 12\"><b>Tel :<\/b> 0 (212) 337 88 12<\/span><span style=\"background-color: initial;\">\u00a0 <\/span><span style=\"background-color: initial;\">Cep : 0 (532) 154 87 93<br \/><b>Sekiz M\u00fczik Yap\u0131m :<\/b> <a href=\"mailto:info@sekizmuzik.com\">info@sekizmuzik.com<\/a><br \/><b>Just Jingle! Jingle &amp; Seslendirme Ajans\u0131 :<\/b> <a href=\"mailto:dingdong@justjingle.org\">dingdong@justjingle.org<\/a><br \/><b>Sekiz M\u00fczik Organizasyon :<\/b> <a href=\"mailto:info@sekizorganizasyon.com\">info@sekizorganizasyon.com<\/a>\u00a0<\/span><\/p>\t\t\t\t\t\t<\/div>\n\t\t\t\t<\/div>\n\t\t\t\t<div class=\"elementor-element elementor-element-955b6fc elementor-widget-divider--view-line elementor-widget elementor-widget-divider\" data-id=\"955b6fc\" data-element_type=\"widget\" data-widget_type=\"divider.default\">\n\t\t\t\t<div class=\"elementor-widget-container\">\n\t\t\t<style>\/*! elementor - v3.18.0 - 20-12-2023 *\/\n.elementor-widget-divider{--divider-border-style:none;--divider-border-width:1px;--divider-color:#0c0d0e;--divider-icon-size:20px;--divider-element-spacing:10px;--divider-pattern-height:24px;--divider-pattern-size:20px;--divider-pattern-url:none;--divider-pattern-repeat:repeat-x}.elementor-widget-divider .elementor-divider{display:flex}.elementor-widget-divider .elementor-divider__text{font-size:15px;line-height:1;max-width:95%}.elementor-widget-divider .elementor-divider__element{margin:0 var(--divider-element-spacing);flex-shrink:0}.elementor-widget-divider .elementor-icon{font-size:var(--divider-icon-size)}.elementor-widget-divider .elementor-divider-separator{display:flex;margin:0;direction:ltr}.elementor-widget-divider--view-line_icon .elementor-divider-separator,.elementor-widget-divider--view-line_text .elementor-divider-separator{align-items:center}.elementor-widget-divider--view-line_icon .elementor-divider-separator:after,.elementor-widget-divider--view-line_icon .elementor-divider-separator:before,.elementor-widget-divider--view-line_text .elementor-divider-separator:after,.elementor-widget-divider--view-line_text .elementor-divider-separator:before{display:block;content:\"\";border-bottom:0;flex-grow:1;border-top:var(--divider-border-width) var(--divider-border-style) var(--divider-color)}.elementor-widget-divider--element-align-left .elementor-divider .elementor-divider-separator>.elementor-divider__svg:first-of-type{flex-grow:0;flex-shrink:100}.elementor-widget-divider--element-align-left .elementor-divider-separator:before{content:none}.elementor-widget-divider--element-align-left .elementor-divider__element{margin-left:0}.elementor-widget-divider--element-align-right .elementor-divider .elementor-divider-separator>.elementor-divider__svg:last-of-type{flex-grow:0;flex-shrink:100}.elementor-widget-divider--element-align-right .elementor-divider-separator:after{content:none}.elementor-widget-divider--element-align-right .elementor-divider__element{margin-right:0}.elementor-widget-divider:not(.elementor-widget-divider--view-line_text):not(.elementor-widget-divider--view-line_icon) .elementor-divider-separator{border-top:var(--divider-border-width) var(--divider-border-style) var(--divider-color)}.elementor-widget-divider--separator-type-pattern{--divider-border-style:none}.elementor-widget-divider--separator-type-pattern.elementor-widget-divider--view-line .elementor-divider-separator,.elementor-widget-divider--separator-type-pattern:not(.elementor-widget-divider--view-line) .elementor-divider-separator:after,.elementor-widget-divider--separator-type-pattern:not(.elementor-widget-divider--view-line) .elementor-divider-separator:before,.elementor-widget-divider--separator-type-pattern:not([class*=elementor-widget-divider--view]) .elementor-divider-separator{width:100%;min-height:var(--divider-pattern-height);-webkit-mask-size:var(--divider-pattern-size) 100%;mask-size:var(--divider-pattern-size) 100%;-webkit-mask-repeat:var(--divider-pattern-repeat);mask-repeat:var(--divider-pattern-repeat);background-color:var(--divider-color);-webkit-mask-image:var(--divider-pattern-url);mask-image:var(--divider-pattern-url)}.elementor-widget-divider--no-spacing{--divider-pattern-size:auto}.elementor-widget-divider--bg-round{--divider-pattern-repeat:round}.rtl .elementor-widget-divider .elementor-divider__text{direction:rtl}.e-con-inner>.elementor-widget-divider,.e-con>.elementor-widget-divider{width:var(--container-widget-width,100%);--flex-grow:var(--container-widget-flex-grow)}<\/style>\t\t<div class=\"elementor-divider\">\n\t\t\t<span class=\"elementor-divider-separator\">\n\t\t\t\t\t\t<\/span>\n\t\t<\/div>\n\t\t\t\t<\/div>\n\t\t\t\t<\/div>\n\t\t\t\t<div class=\" elementor-element elementor-element-9b579ca elementor-invisible elementor-widget elementor-widget-text-editor\" data-id=\"9b579ca\" data-element_type=\"widget\" data-settings=\"{&quot;_animation&quot;:&quot;fadeIn&quot;,&quot;_animation_delay&quot;:300}\" data-widget_type=\"text-editor.default\">\n\t\t\t\t<div class=\"elementor-widget-container\">\n\t\t\t\t\t\t\t<p><b>DEMO G\u00d6NDERMEK \u0130\u00c7\u0130N :<\/b> Tasdiki al\u0131nm\u0131\u015f, size ait demolar\u0131n\u0131z\u0131 g\u00f6ndermek i\u00e7in sadece <a href=\"mailto:demo@sekizmuzik.com\">demo@sekizmuzik.com<\/a> adresini kullan\u0131n\u0131z.\u00a0<br \/>Demo \u00e7al\u0131\u015fmalar\u0131n\u0131z\u0131 g\u00f6nderirken sadece link olarak g\u00f6nderilmesi gereklidir. Mp3, resim v.b. dosyalar e-posta filtresinde tak\u0131laca\u011f\u0131 i\u00e7in mesaj\u0131n\u0131z ula\u015fmayacakt\u0131r.<br \/>Di\u011fer adreslere g\u00f6nderilecek demo \u00e7al\u0131\u015fmalar\u0131na geri d\u00f6n\u00fclmeyecektir.. \u015eirketimiz \u015fark\u0131 s\u00f6zleri ile ilgilenmemektedir.\u00a0<br \/><span style=\"background-color: initial;\">Sadece olumlu de\u011ferlendirilen \u00e7al\u0131\u015fmalara e-posta ile\u00a0 geri d\u00f6n\u00fc\u015f yap\u0131lacak ve\u00a0 t<\/span><span style=\"background-color: initial;\">elefon numaralar\u0131ndan demo \u00e7al\u0131\u015fmalar\u0131 i\u00e7in bilgi verilmeyecektir.<br \/>G\u00f6nderilen \u00e7al\u0131\u015fmalar\u0131n hukuki sorumluluklar\u0131ndan Sekiz M\u00fczik Yap\u0131m Grup sorumlu de\u011fildir. Kullan\u0131c\u0131lar yukar\u0131daki t\u00fcm maddeleri kabul etmi\u015f say\u0131l\u0131r.<\/span><\/p>\t\t\t\t\t\t<\/div>\n\t\t\t\t<\/div>\n\t\t\t\t<div class=\"elementor-element elementor-element-3bcfb95 elementor-widget-divider--view-line elementor-widget elementor-widget-divider\" data-id=\"3bcfb95\" data-element_type=\"widget\" data-widget_type=\"divider.default\">\n\t\t\t\t<div class=\"elementor-widget-container\">\n\t\t\t\t\t<div class=\"elementor-divider\">\n\t\t\t<span class=\"elementor-divider-separator\">\n\t\t\t\t\t\t<\/span>\n\t\t<\/div>\n\t\t\t\t<\/div>\n\t\t\t\t<\/div>\n\t\t\t\t<div class=\"elementor-element elementor-element-20ec1a6 elementor-widget elementor-widget-socials\" data-id=\"20ec1a6\" data-element_type=\"widget\" data-widget_type=\"socials.default\">\n\t\t\t\t<div class=\"elementor-widget-container\">\n\t\t\t<div class=\"wolf-core-socials-container wolf-core-si-size-fa-2x wolf-core-align-center wolf-core-si-direction-horizontal wolf-core-si-acronym- wolf-core-element\" style=\"\"><div class=\"wolf-core-social-icon wolf-core-icon-box wolf-core-icon-background-style-rounded wolf-core-icon-hover-opacity\"  style=\"animation-delay:0ms;\"><div class=\"wolf-core-icon-background-color-custom wolf-core-icon-container fa-2x fa-stack\" style=\"\"><div class=\"wolf-core-icon-background-fill \"><\/div><i style=\"color:#FF1325;\" class=\"wolf-core-icon-color-#FF1325 wolf-core-icon fab fa-facebook fa-stack-1x\"><a title=\"facebook\" class=\"wolf-core-social-icon-link\" target=\"_blank\" rel=\"noreferrer, noopener\" href=\"https:\/\/www.facebook.com\/sekizmuzikyapim\"><\/a><\/i><\/div><\/div><div class=\"wolf-core-social-icon wolf-core-icon-box wolf-core-icon-background-style-rounded wolf-core-icon-hover-opacity\"  style=\"animation-delay:200ms;\"><div class=\"wolf-core-icon-background-color-custom wolf-core-icon-container fa-2x fa-stack\" style=\"\"><div class=\"wolf-core-icon-background-fill \"><\/div><i style=\"color:#FF1325;\" class=\"wolf-core-icon-color-#FF1325 wolf-core-icon fab socicon-instagram fa-stack-1x\"><a title=\"instagram\" class=\"wolf-core-social-icon-link\" target=\"_blank\" rel=\"noreferrer, noopener\" href=\"https:\/\/instagram.com\/sekizmuzik\"><\/a><\/i><\/div><\/div><div class=\"wolf-core-social-icon wolf-core-icon-box wolf-core-icon-background-style-rounded wolf-core-icon-hover-opacity\"  style=\"animation-delay:400ms;\"><div class=\"wolf-core-icon-background-color-custom wolf-core-icon-container fa-2x fa-stack\" style=\"\"><div class=\"wolf-core-icon-background-fill \"><\/div><i style=\"color:#FF1325;\" class=\"wolf-core-icon-color-#FF1325 wolf-core-icon fab fa-spotify fa-stack-1x\"><a title=\"spotify\" class=\"wolf-core-social-icon-link\" target=\"_blank\" rel=\"noreferrer, noopener\" href=\"https:\/\/open.spotify.com\/artist\/1gYdjzLQVIKiyEzE1Ku5MQ\"><\/a><\/i><\/div><\/div><div class=\"wolf-core-social-icon wolf-core-icon-box wolf-core-icon-background-style-rounded wolf-core-icon-hover-opacity\"  style=\"animation-delay:600ms;\"><div class=\"wolf-core-icon-background-color-custom wolf-core-icon-container fa-2x fa-stack\" style=\"\"><div class=\"wolf-core-icon-background-fill \"><\/div><i style=\"color:#FF1325;\" class=\"wolf-core-icon-color-#FF1325 wolf-core-icon fab fa-youtube fa-stack-1x\"><a title=\"youtube\" class=\"wolf-core-social-icon-link\" target=\"_blank\" rel=\"noreferrer, noopener\" href=\"https:\/\/www.youtube.com\/@sekizmuzik\"><\/a><\/i><\/div><\/div><\/div><!-- .wolf-core-socials-container -->\t\t<\/div>\n\t\t\t\t<\/div>\n\t\t\t\t\t<\/div>\n\t\t<\/div>\n\t\t\t\t\t\t\t<\/div>\n\t\t<\/section>\n\t\t\t\t\t\t\t<\/div>\n\t\t","protected":false},"excerpt":{"rendered":"<p>B\u0130ZE ULA\u015eIN SEK\u0130Z M\u00dcZ\u0130K YAPIM GRUP Adres : Nisbetiye Mah.Uygur \u0130\u015f Merkezi, Gazi G\u00fc\u00e7nar Sk. No:4 D:7, 34340 Etiler\/ Be\u015fikta\u015f\/ \u0130stanbul&nbsp; Tel : 0 (212) 337 88 12&nbsp; Cep : 0 (532) 154 87 93 Sekiz M\u00fczik Yap\u0131m : info@sekizmuzik.com Just Jingle! Jingle &amp; Seslendirme Ajans\u0131 : dingdong@justjingle.org Sekiz M\u00fczik Organizasyon : info@sekizorganizasyon.com&nbsp; DEMO G\u00d6NDERMEK&#8230;<\/p>\n<p><a rel=\"bookmark\" class=\"theme-button-text wolf-core-button wolf-core-button-size-sm\" href=\"http:\/\/www.sekizmuzik.com\/index.php\/iletisim\/\"><span>Continue reading<\/span><\/a><\/p>\n","protected":false},"author":1,"featured_media":0,"parent":0,"menu_order":0,"comment_status":"closed","ping_status":"closed","template":"","meta":[],"aioseo_notices":[],"_links":{"self":[{"href":"http:\/\/www.sekizmuzik.com\/index.php\/wp-json\/wp\/v2\/pages\/38"}],"collection":[{"href":"http:\/\/www.sekizmuzik.com\/index.php\/wp-json\/wp\/v2\/pages"}],"about":[{"href":"http:\/\/www.sekizmuzik.com\/index.php\/wp-json\/wp\/v2\/types\/page"}],"author":[{"embeddable":true,"href":"http:\/\/www.sekizmuzik.com\/index.php\/wp-json\/wp\/v2\/users\/1"}],"replies":[{"embeddable":true,"href":"http:\/\/www.sekizmuzik.com\/index.php\/wp-json\/wp\/v2\/comments?post=38"}],"version-history":[{"count":25,"href":"http:\/\/www.sekizmuzik.com\/index.php\/wp-json\/wp\/v2\/pages\/38\/revisions"}],"predecessor-version":[{"id":12512,"href":"http:\/\/www.sekizmuzik.com\/index.php\/wp-json\/wp\/v2\/pages\/38\/revisions\/12512"}],"wp:attachment":[{"href":"http:\/\/www.sekizmuzik.com\/index.php\/wp-json\/wp\/v2\/media?parent=38"}],"curies":[{"name":"wp","href":"https:\/\/api.w.org\/{rel}","templated":true}]}}