{"id":9726,"date":"2021-04-08T14:45:01","date_gmt":"2021-04-08T14:45:01","guid":{"rendered":"https:\/\/preview.wolfthemes.live\/swingster\/?page_id=9726"},"modified":"2021-04-08T14:45:01","modified_gmt":"2021-04-08T14:45:01","slug":"3-columns-wide","status":"publish","type":"page","link":"http:\/\/www.sekizmuzik.com\/index.php\/discography\/3-columns-wide\/","title":{"rendered":"3 Columns Wide"},"content":{"rendered":"\t\t<div data-elementor-type=\"wp-page\" data-elementor-id=\"9726\" class=\"elementor elementor-9726\">\n\t\t\t\t\t\t\t\t\t<section class=\"wolf-core-elementor-row wolf-core-font-  elementor-section elementor-top-section elementor-element elementor-element-8147850 elementor-section-boxed elementor-section-height-default elementor-section-height-default\" data-id=\"8147850\" data-element_type=\"section\">\n\t\t\t\t\t\t<div class=\"elementor-container elementor-column-gap-wider\">\n\t\t\t\t\t<div class=\"elementor-column elementor-col-100 elementor-top-column elementor-element elementor-element-eae8267\" data-id=\"eae8267\" data-element_type=\"column\">\n\t\t\t<div class=\"elementor-widget-wrap elementor-element-populated\">\n\t\t\t\t\t\t\t\t<div class=\"elementor-element elementor-element-4a58144 elementor-widget elementor-widget-release-index\" data-id=\"4a58144\" data-element_type=\"widget\" data-widget_type=\"release-index.default\">\n\t\t\t\t<div class=\"elementor-widget-container\">\n\t\t\t<div id=\"index-2410\" data-post-type=\"release\" data-params=\"{&quot;post_type&quot;:&quot;release&quot;,&quot;posts_per_page&quot;:&quot;6&quot;,&quot;grid_padding&quot;:&quot;yes&quot;,&quot;item_animation&quot;:&quot;fade-up&quot;,&quot;columns&quot;:&quot;3&quot;,&quot;overlay_color&quot;:&quot;auto&quot;,&quot;overlay_text_color&quot;:&quot;custom&quot;,&quot;overlay_text_custom_color&quot;:&quot;#FFFFFF&quot;,&quot;overlay_opacity&quot;:{&quot;unit&quot;:&quot;%&quot;,&quot;size&quot;:0.7,&quot;sizes&quot;:[]},&quot;caption_text_alignment&quot;:&quot;center&quot;,&quot;caption_v_align&quot;:&quot;middle&quot;,&quot;post_display&quot;:&quot;standard&quot;,&quot;post_metro_pattern&quot;:&quot;auto&quot;,&quot;post_module&quot;:&quot;grid&quot;,&quot;post_thumbnail_size&quot;:&quot;standard&quot;,&quot;post_layout&quot;:&quot;standard&quot;,&quot;post_excerpt_type&quot;:&quot;auto&quot;,&quot;post_excerpt_length&quot;:&quot;shorten&quot;,&quot;post_display_elements&quot;:&quot;show_thumbnail,show_date,show_text,show_author,show_category&quot;,&quot;pagination&quot;:&quot;load_more&quot;,&quot;page_display&quot;:&quot;grid&quot;,&quot;work_display&quot;:&quot;masonry&quot;,&quot;work_module&quot;:&quot;grid&quot;,&quot;work_thumbnail_size&quot;:&quot;standard&quot;,&quot;work_layout&quot;:&quot;overlay&quot;,&quot;work_category_filter&quot;:true,&quot;work_category_filter_text_alignment&quot;:&quot;center&quot;,&quot;work_hover_effect&quot;:&quot;default&quot;,&quot;product_display&quot;:&quot;grid&quot;,&quot;product_metro_pattern&quot;:&quot;pattern-1&quot;,&quot;product_module&quot;:&quot;grid&quot;,&quot;release_display&quot;:&quot;grid&quot;,&quot;release_hover_effect&quot;:&quot;default&quot;,&quot;release_module&quot;:&quot;grid&quot;,&quot;release_thumbnail_size&quot;:&quot;square&quot;,&quot;release_custom_thumbnail_size&quot;:&quot;555x555&quot;,&quot;release_layout&quot;:&quot;overlay&quot;,&quot;release_meta&quot;:&quot;all&quot;,&quot;event_display&quot;:&quot;list&quot;,&quot;event_module&quot;:&quot;grid&quot;,&quot;event_thumbnail_size&quot;:&quot;standard&quot;,&quot;event_location&quot;:&quot;location&quot;,&quot;timeline&quot;:&quot;future&quot;,&quot;mp_event_display&quot;:&quot;grid&quot;,&quot;mp_event_module&quot;:&quot;grid&quot;,&quot;video_display&quot;:&quot;grid&quot;,&quot;video_layout&quot;:&quot;overlay&quot;,&quot;video_module&quot;:&quot;grid&quot;,&quot;video_onclick&quot;:&quot;default&quot;,&quot;video_category_filter&quot;:&quot;1&quot;,&quot;video_category_filter_text_alignment&quot;:&quot;center&quot;,&quot;artist_display&quot;:&quot;list&quot;,&quot;artist_metro_pattern&quot;:&quot;auto&quot;,&quot;artist_hover_effect&quot;:&quot;default&quot;,&quot;artist_module&quot;:&quot;grid&quot;,&quot;artist_category_filter_text_alignment&quot;:&quot;center&quot;,&quot;artist_thumbnail_size&quot;:&quot;standard&quot;,&quot;gallery_display&quot;:&quot;grid&quot;,&quot;gallery_module&quot;:&quot;grid&quot;,&quot;gallery_thumbnail_size&quot;:&quot;standard&quot;,&quot;gallery_custom_thumbnail_size&quot;:&quot;standard&quot;,&quot;gallery_layout&quot;:&quot;standard&quot;,&quot;gallery_category_filter&quot;:true,&quot;gallery_category_filter_text_alignment&quot;:&quot;center&quot;,&quot;gallery_hover_effect&quot;:&quot;default&quot;,&quot;attachment_display&quot;:&quot;masonry_horizontal&quot;,&quot;attachment_thumbnail_size&quot;:&quot;standard&quot;,&quot;attachment_custom_thumbnail_size&quot;:&quot;standard&quot;,&quot;el_id&quot;:&quot;index-2410&quot;,&quot;_margin&quot;:{&quot;unit&quot;:&quot;px&quot;,&quot;top&quot;:&quot;&quot;,&quot;right&quot;:&quot;&quot;,&quot;bottom&quot;:&quot;&quot;,&quot;left&quot;:&quot;&quot;,&quot;isLinked&quot;:true},&quot;_padding&quot;:{&quot;unit&quot;:&quot;px&quot;,&quot;top&quot;:&quot;&quot;,&quot;right&quot;:&quot;&quot;,&quot;bottom&quot;:&quot;&quot;,&quot;left&quot;:&quot;&quot;,&quot;isLinked&quot;:true},&quot;_transform_keep_proportions&quot;:&quot;yes&quot;,&quot;_transform_keep_proportions_hover&quot;:&quot;yes&quot;,&quot;_transform_transition_hover&quot;:{&quot;unit&quot;:&quot;px&quot;,&quot;size&quot;:&quot;&quot;,&quot;sizes&quot;:[]},&quot;_background_hover_transition&quot;:{&quot;unit&quot;:&quot;px&quot;,&quot;size&quot;:&quot;&quot;,&quot;sizes&quot;:[]},&quot;_border_radius&quot;:{&quot;unit&quot;:&quot;px&quot;,&quot;top&quot;:&quot;&quot;,&quot;right&quot;:&quot;&quot;,&quot;bottom&quot;:&quot;&quot;,&quot;left&quot;:&quot;&quot;,&quot;isLinked&quot;:true},&quot;_border_radius_hover&quot;:{&quot;unit&quot;:&quot;px&quot;,&quot;top&quot;:&quot;&quot;,&quot;right&quot;:&quot;&quot;,&quot;bottom&quot;:&quot;&quot;,&quot;left&quot;:&quot;&quot;,&quot;isLinked&quot;:true},&quot;_border_hover_transition&quot;:{&quot;unit&quot;:&quot;px&quot;,&quot;size&quot;:&quot;&quot;,&quot;sizes&quot;:[]}}\" class=\"clearfix items wvc-element wolf-core-element entry-grid-loading release-items releases caption-text-align-center caption-valign-middle grid-padding-yes display-grid release-display-grid module-grid release-module-grid items-thumbnail-size-square layout-overlay release-layout-overlay pagination-load_more grid hover-effect-default release-hover-effect-default\">\n<article id=\"post-9103\" class=\"post-9103 release type-release status-publish has-post-thumbnail hentry band-alp label-digital-download label-dijital release_genre-alternatif release_genre-pop entry clearfix entry-grid entry-columns-3 entry-release-module-layout-overlay thumbnail-color-tone-light has-audio-player is-single-audio entry-release entry-release-grid overlay-tone-dark\" data-post-id=\"9103\" itemscope itemtype=\"https:\/\/schema.org\/MusicAlbum\" data-aos=\"fade-up\" data-aos-once=\"true\" >\n\t<div class=\"entry-box\">\n\t\t<div class=\"entry-container\">\n\t\t\t<a class=\"entry-link-mask\" href=\"http:\/\/www.sekizmuzik.com\/index.php\/release\/alp\/\"><\/a>\n\n\t\t\t\n\t\t\t\t<div class=\"entry-image\" style=\"background-color:#C4C3C4;\">\n\n\t\t\t\t<img fetchpriority=\"high\" decoding=\"async\" class=\" resized-thumbnail \" src=\"https:\/\/i0.wp.com\/www.sekizmuzik.com\/wp-content\/uploads\/2022\/10\/ALP_ILK_AN_COVER_1000SMALL-555x555.jpg\" width=\"555\" height=\"555\" alt=\"Alp - \u0130lk An (Single)\" title=\"ALP_ILK_AN_COVER_1000SMALL\" \/>\n\t\t\t<\/div>\n\t\t\t<div class=\"entry-inner\">\n\t\t\t\t<div style=\"background-color:#C4C3C4;opacity:0.01;\" class=\"bg-overlay\"><\/div><!--.bg-overlay-->\t\t\t\t<div style=\"color:#FFFFFF!important;\" class=\"entry-summary\">\n\t\t\t\t\t<h3 class=\"entry-title\"><a href=\"http:\/\/www.sekizmuzik.com\/index.php\/release\/alp\/\" style=\"color:#FFFFFF!important;\">\u0130lk An<\/a><\/h3>\n\t\t\t\t\t<div style=\"color:#FFFFFF!important;\" class=\"entry-taxonomy\">\n\t\t\t\t\t\t<a href=\"http:\/\/www.sekizmuzik.com\/index.php\/artist-releases\/alp\/\" rel=\"tag\">Alp<\/a>\t\t\t\t\t<\/div><!-- .entry-taxonomy -->\n\t\t\t\t\t\t\t\t\t<\/div><!--  .entry-summary  -->\n\t\t\t<\/div><!--  .entry-summary-container  -->\n\t\t<\/div>\n\t<\/div><!-- .entry-box -->\n\n\t<\/article><!-- #post-## -->\n<article id=\"post-9667\" class=\"post-9667 release type-release status-publish has-post-thumbnail hentry band-biraderler label-cd label-digital-download label-vinyl release_genre-alternatif-rock release_genre-pop-rock release_genre-rock entry clearfix entry-grid entry-columns-3 entry-release-module-layout-overlay thumbnail-color-tone-light has-audio-player entry-release entry-release-grid overlay-tone-dark\" data-post-id=\"9667\" itemscope itemtype=\"https:\/\/schema.org\/MusicAlbum\" data-aos=\"fade-up\" data-aos-once=\"true\" >\n\t<div class=\"entry-box\">\n\t\t<div class=\"entry-container\">\n\t\t\t<a class=\"entry-link-mask\" href=\"http:\/\/www.sekizmuzik.com\/index.php\/release\/biraderler\/\"><\/a>\n\n\t\t\t\n\t\t\t\t<div class=\"entry-image\" style=\"background-color:#BABABB;\">\n\n\t\t\t\t<img decoding=\"async\" class=\" resized-thumbnail \" src=\"https:\/\/i0.wp.com\/www.sekizmuzik.com\/wp-content\/uploads\/2019\/10\/Biraderler-Album-Kapak-555x555.jpg\" width=\"555\" height=\"555\" alt=\"Biraderler (Alb\u00fcm)\" title=\"Biraderler Alb\u00fcm Kapak\" \/>\n\t\t\t<\/div>\n\t\t\t<div class=\"entry-inner\">\n\t\t\t\t<div style=\"background-color:#BABABB;opacity:0.01;\" class=\"bg-overlay\"><\/div><!--.bg-overlay-->\t\t\t\t<div style=\"color:#FFFFFF!important;\" class=\"entry-summary\">\n\t\t\t\t\t<h3 class=\"entry-title\"><a href=\"http:\/\/www.sekizmuzik.com\/index.php\/release\/biraderler\/\" style=\"color:#FFFFFF!important;\">Biraderler<\/a><\/h3>\n\t\t\t\t\t<div style=\"color:#FFFFFF!important;\" class=\"entry-taxonomy\">\n\t\t\t\t\t\t<a href=\"http:\/\/www.sekizmuzik.com\/index.php\/artist-releases\/biraderler\/\" rel=\"tag\">Biraderler<\/a>\t\t\t\t\t<\/div><!-- .entry-taxonomy -->\n\t\t\t\t\t\t\t\t\t<\/div><!--  .entry-summary  -->\n\t\t\t<\/div><!--  .entry-summary-container  -->\n\t\t<\/div>\n\t<\/div><!-- .entry-box -->\n\n\t<\/article><!-- #post-## -->\n<article id=\"post-9665\" class=\"post-9665 release type-release status-publish has-post-thumbnail hentry band-savas-ozdemir label-digital-download release_genre-alternatif release_genre-pop-rock release_genre-rock entry clearfix entry-grid entry-columns-3 entry-release-module-layout-overlay thumbnail-color-tone-dark is-spotify is-youtube has-audio-player entry-release entry-release-grid overlay-tone-dark\" data-post-id=\"9665\" itemscope itemtype=\"https:\/\/schema.org\/MusicAlbum\" data-aos=\"fade-up\" data-aos-once=\"true\" >\n\t<div class=\"entry-box\">\n\t\t<div class=\"entry-container\">\n\t\t\t<a class=\"entry-link-mask\" href=\"http:\/\/www.sekizmuzik.com\/index.php\/release\/savas_ozdemir-gece-ve-yol\/\"><\/a>\n\n\t\t\t\n\t\t\t\t<div class=\"entry-image\" style=\"background-color:#232D34;\">\n\n\t\t\t\t<img decoding=\"async\" class=\" resized-thumbnail \" src=\"https:\/\/i0.wp.com\/www.sekizmuzik.com\/wp-content\/uploads\/2022\/11\/Savas-Ozdemir-Gece-ve-Yol-Album-Sekiz-Muzik-scaled-555x555.jpg\" width=\"555\" height=\"555\" alt=\"Sava\u015f \u00d6zdemir - Gece Ve Yol (E.P.)\" title=\"Savas-\u00d6zdemir---Gece-ve-Yol-Alb\u00fcm-Sekiz M\u00fczik\" \/>\n\t\t\t<\/div>\n\t\t\t<div class=\"entry-inner\">\n\t\t\t\t<div style=\"background-color:#232D34;opacity:0.01;\" class=\"bg-overlay\"><\/div><!--.bg-overlay-->\t\t\t\t<div style=\"color:#FFFFFF!important;\" class=\"entry-summary\">\n\t\t\t\t\t<h3 class=\"entry-title\"><a href=\"http:\/\/www.sekizmuzik.com\/index.php\/release\/savas_ozdemir-gece-ve-yol\/\" style=\"color:#FFFFFF!important;\">Gece Ve Yol<\/a><\/h3>\n\t\t\t\t\t<div style=\"color:#FFFFFF!important;\" class=\"entry-taxonomy\">\n\t\t\t\t\t\t<a href=\"http:\/\/www.sekizmuzik.com\/index.php\/artist-releases\/savas-ozdemir\/\" rel=\"tag\">Sava\u015f \u00d6zdemir<\/a>\t\t\t\t\t<\/div><!-- .entry-taxonomy -->\n\t\t\t\t\t\t\t\t\t<\/div><!--  .entry-summary  -->\n\t\t\t<\/div><!--  .entry-summary-container  -->\n\t\t<\/div>\n\t<\/div><!-- .entry-box -->\n\n\t<\/article><!-- #post-## -->\n<article id=\"post-9259\" class=\"post-9259 release type-release status-publish has-post-thumbnail hentry band-nara label-digital-download release_genre-alternatif release_genre-pop-rock release_genre-rock entry clearfix entry-grid entry-columns-3 entry-release-module-layout-overlay thumbnail-color-tone-dark is-youtube has-audio-player is-single-audio entry-release entry-release-grid overlay-tone-dark\" data-post-id=\"9259\" itemscope itemtype=\"https:\/\/schema.org\/MusicAlbum\" data-aos=\"fade-up\" data-aos-once=\"true\" >\n\t<div class=\"entry-box\">\n\t\t<div class=\"entry-container\">\n\t\t\t<a class=\"entry-link-mask\" href=\"http:\/\/www.sekizmuzik.com\/index.php\/release\/nara\/\"><\/a>\n\n\t\t\t\n\t\t\t\t<div class=\"entry-image\" style=\"background-color:#631514;\">\n\n\t\t\t\t<img loading=\"lazy\" decoding=\"async\" class=\" resized-thumbnail \" src=\"https:\/\/i0.wp.com\/www.sekizmuzik.com\/wp-content\/uploads\/2019\/10\/Nara-Hayaller-ODasi.jpeg?fit=360%2C360\" width=\"360\" height=\"360\" alt=\"Nara Hayaller ODas\u0131\" title=\"Nara Hayaller ODas\u0131\" \/>\n\t\t\t<\/div>\n\t\t\t<div class=\"entry-inner\">\n\t\t\t\t<div style=\"background-color:#631514;opacity:0.01;\" class=\"bg-overlay\"><\/div><!--.bg-overlay-->\t\t\t\t<div style=\"color:#FFFFFF!important;\" class=\"entry-summary\">\n\t\t\t\t\t<h3 class=\"entry-title\"><a href=\"http:\/\/www.sekizmuzik.com\/index.php\/release\/nara\/\" style=\"color:#FFFFFF!important;\">Hayaller Odas\u0131<\/a><\/h3>\n\t\t\t\t\t<div style=\"color:#FFFFFF!important;\" class=\"entry-taxonomy\">\n\t\t\t\t\t\t<a href=\"http:\/\/www.sekizmuzik.com\/index.php\/artist-releases\/nara\/\" rel=\"tag\">Nara<\/a>\t\t\t\t\t<\/div><!-- .entry-taxonomy -->\n\t\t\t\t\t<span class=\"upcoming-release-date\">Release <\/span>\t\t\t\t<\/div><!--  .entry-summary  -->\n\t\t\t<\/div><!--  .entry-summary-container  -->\n\t\t<\/div>\n\t<\/div><!-- .entry-box -->\n\n\t<\/article><!-- #post-## -->\n<article id=\"post-9256\" class=\"post-9256 release type-release status-publish has-post-thumbnail hentry band-gunseli-deniz label-cd label-digital-download release_genre-pop release_genre-pop-rock entry clearfix entry-grid entry-columns-3 entry-release-module-layout-overlay thumbnail-color-tone-dark is-youtube has-audio-player is-single-audio entry-release entry-release-grid overlay-tone-dark\" data-post-id=\"9256\" itemscope itemtype=\"https:\/\/schema.org\/MusicAlbum\" data-aos=\"fade-up\" data-aos-once=\"true\" >\n\t<div class=\"entry-box\">\n\t\t<div class=\"entry-container\">\n\t\t\t<a class=\"entry-link-mask\" href=\"http:\/\/www.sekizmuzik.com\/index.php\/release\/beloved\/\"><\/a>\n\n\t\t\t\n\t\t\t\t<div class=\"entry-image\" style=\"background-color:#677288;\">\n\n\t\t\t\t<img loading=\"lazy\" decoding=\"async\" class=\" resized-thumbnail \" src=\"https:\/\/i0.wp.com\/www.sekizmuzik.com\/wp-content\/uploads\/2019\/10\/Gunseli-Deniz-Kalp-Agrisi-Sekiz-Muzik-Yapim-555x555.png\" width=\"555\" height=\"555\" alt=\"G\u00fcnseli Deniz Kalp A\u011fr\u0131s\u0131 Sekiz M\u00fczik Yap\u0131m\" title=\"G\u00fcnseli Deniz Kalp A\u011fr\u0131s\u0131 Sekiz M\u00fczik Yap\u0131m\" \/>\n\t\t\t<\/div>\n\t\t\t<div class=\"entry-inner\">\n\t\t\t\t<div style=\"background-color:#677288;opacity:0.01;\" class=\"bg-overlay\"><\/div><!--.bg-overlay-->\t\t\t\t<div style=\"color:#FFFFFF!important;\" class=\"entry-summary\">\n\t\t\t\t\t<h3 class=\"entry-title\"><a href=\"http:\/\/www.sekizmuzik.com\/index.php\/release\/beloved\/\" style=\"color:#FFFFFF!important;\">Kalp A\u011fr\u0131s\u0131<\/a><\/h3>\n\t\t\t\t\t<div style=\"color:#FFFFFF!important;\" class=\"entry-taxonomy\">\n\t\t\t\t\t\t<a href=\"http:\/\/www.sekizmuzik.com\/index.php\/artist-releases\/gunseli-deniz\/\" rel=\"tag\">G\u00fcnseli Deniz<\/a>\t\t\t\t\t<\/div><!-- .entry-taxonomy -->\n\t\t\t\t\t\t\t\t\t<\/div><!--  .entry-summary  -->\n\t\t\t<\/div><!--  .entry-summary-container  -->\n\t\t<\/div>\n\t<\/div><!-- .entry-box -->\n\n\t<\/article><!-- #post-## -->\n<article id=\"post-9149\" class=\"post-9149 release type-release status-publish has-post-thumbnail hentry band-demode label-cd label-digital-download label-sekiz-o label-vinyl release_genre-alternatif release_genre-alternatif-rock release_genre-turkce-rock entry clearfix entry-grid entry-columns-3 entry-release-module-layout-overlay thumbnail-color-tone-dark is-audio-embed is-spotify has-audio-player entry-release entry-release-grid overlay-tone-dark\" data-post-id=\"9149\" itemscope itemtype=\"https:\/\/schema.org\/MusicAlbum\" data-aos=\"fade-up\" data-aos-once=\"true\" >\n\t<div class=\"entry-box\">\n\t\t<div class=\"entry-container\">\n\t\t\t<a class=\"entry-link-mask\" href=\"http:\/\/www.sekizmuzik.com\/index.php\/release\/sevmedin\/\"><\/a>\n\n\t\t\t\n\t\t\t\t<div class=\"entry-image\" style=\"background-color:#434646;\">\n\n\t\t\t\t<img loading=\"lazy\" decoding=\"async\" class=\" resized-thumbnail \" src=\"https:\/\/i0.wp.com\/www.sekizmuzik.com\/wp-content\/uploads\/2019\/10\/Demode_Sevmedin_Cover_3000-scaled-555x555.jpg\" width=\"555\" height=\"555\" alt=\"Demode_Sevmedin_Cover_3000\" title=\"Demode_Sevmedin_Cover_3000\" \/>\n\t\t\t<\/div>\n\t\t\t<div class=\"entry-inner\">\n\t\t\t\t<div style=\"background-color:#434646;opacity:0.01;\" class=\"bg-overlay\"><\/div><!--.bg-overlay-->\t\t\t\t<div style=\"color:#FFFFFF!important;\" class=\"entry-summary\">\n\t\t\t\t\t<h3 class=\"entry-title\"><a href=\"http:\/\/www.sekizmuzik.com\/index.php\/release\/sevmedin\/\" style=\"color:#FFFFFF!important;\">Sevmedin<\/a><\/h3>\n\t\t\t\t\t<div style=\"color:#FFFFFF!important;\" class=\"entry-taxonomy\">\n\t\t\t\t\t\t<a href=\"http:\/\/www.sekizmuzik.com\/index.php\/artist-releases\/demode\/\" rel=\"tag\">Demode<\/a>\t\t\t\t\t<\/div><!-- .entry-taxonomy -->\n\t\t\t\t\t<span class=\"upcoming-release-date\">Release April 21, 2023<\/span>\t\t\t\t<\/div><!--  .entry-summary  -->\n\t\t\t<\/div><!--  .entry-summary-container  -->\n\t\t<\/div>\n\t<\/div><!-- .entry-box -->\n\n\t<\/article><!-- #post-## -->\n<\/div><!--.items-->\t\t\t\t\t<div class=\"trigger-container wvc-element\">\n\t\t\t\t<a data-current-page=\"1\" data-next-page=\"2\" data-max-pages=\"2\" class=\"theme-button-text wolf-core-button wolf-core-button-size-sm loadmore-button\" data-current-url=\"http:\/\/www.sekizmuzik.com\/wp-json\/wp\/v2\/pages\/9726\" href=\"http:\/\/www.sekizmuzik.com\/index.php\/wp-json\/wp\/v2\/pages\/9726\/page\/2\/\"><span>\n\t\t\t\t\tLoad More\t\t\t\t<\/span><\/a>\n\t\t\t<\/div><!-- .trigger-containe -->\n\t\t\t\t\t\t<\/div>\n\t\t\t\t<\/div>\n\t\t\t\t\t<\/div>\n\t\t<\/div>\n\t\t\t\t\t\t\t<\/div>\n\t\t<\/section>\n\t\t\t\t\t\t\t<\/div>\n\t\t","protected":false},"excerpt":{"rendered":"<p>Beloved Attitude Gabee Royal Blaze Release March 28, 2021 Void Fall of Spice Sum Like Me Audio Wreckage Release October 15, 2021 Live Without You Kristy Singh Negative Audio Concord Release March 28, 2021 Load More<\/p>\n","protected":false},"author":1,"featured_media":0,"parent":12273,"menu_order":0,"comment_status":"closed","ping_status":"closed","template":"","meta":[],"aioseo_notices":[],"_links":{"self":[{"href":"http:\/\/www.sekizmuzik.com\/index.php\/wp-json\/wp\/v2\/pages\/9726"}],"collection":[{"href":"http:\/\/www.sekizmuzik.com\/index.php\/wp-json\/wp\/v2\/pages"}],"about":[{"href":"http:\/\/www.sekizmuzik.com\/index.php\/wp-json\/wp\/v2\/types\/page"}],"author":[{"embeddable":true,"href":"http:\/\/www.sekizmuzik.com\/index.php\/wp-json\/wp\/v2\/users\/1"}],"replies":[{"embeddable":true,"href":"http:\/\/www.sekizmuzik.com\/index.php\/wp-json\/wp\/v2\/comments?post=9726"}],"version-history":[{"count":0,"href":"http:\/\/www.sekizmuzik.com\/index.php\/wp-json\/wp\/v2\/pages\/9726\/revisions"}],"up":[{"embeddable":true,"href":"http:\/\/www.sekizmuzik.com\/index.php\/wp-json\/wp\/v2\/pages\/12273"}],"wp:attachment":[{"href":"http:\/\/www.sekizmuzik.com\/index.php\/wp-json\/wp\/v2\/media?parent=9726"}],"curies":[{"name":"wp","href":"https:\/\/api.w.org\/{rel}","templated":true}]}}